{"id":65,"date":"2023-08-23T09:41:41","date_gmt":"2023-08-23T09:41:41","guid":{"rendered":"https:\/\/pistokehybridi.fi\/kauppa\/?page_id=65"},"modified":"2026-03-05T17:10:20","modified_gmt":"2026-03-05T17:10:20","slug":"65-2","status":"publish","type":"page","link":"https:\/\/pistokehybridi.fi\/kauppa\/","title":{"rendered":"P\u00e4\u00e4sivu"},"content":{"rendered":"<div class=\"wp-block-cover\"><span aria-hidden=\"true\" class=\"wp-block-cover__background has-background-dim\" style=\"background-color:#65615d\"><\/span><img fetchpriority=\"high\" decoding=\"async\" width=\"1399\" height=\"658\" class=\"wp-block-cover__image-background wp-image-356\" alt=\"\" src=\"https:\/\/pistokehybridi.fi\/kauppa\/wp-content\/uploads\/2025\/03\/batterynodules-banner1.jpg\" data-object-fit=\"cover\"\/><div class=\"wp-block-cover__inner-container is-layout-constrained wp-block-cover-is-layout-constrained\"><h2 class=\"wp-block-heading has-text-align-center has-large-font-size\"><a href=\"https:\/\/pistokehybridi.fi\/kauppa\/?post_type=product\" data-type=\"page\" data-id=\"8\">Tervetuloa web -kauppaamme!<br>K\u00e4ytetyt li-Ion akut projekteihin, energiavarastoihin, kulkuv\u00e4lineisiin<\/a><\/h2><\/div><\/div><div class=\"wp-block-group\"><div class=\"wp-block-group__inner-container is-layout-constrained wp-block-group-is-layout-constrained\"><figure class=\"wp-block-gallery has-nested-images columns-default is-cropped wp-block-gallery-1 is-layout-flex wp-block-gallery-is-layout-flex\"><figure class=\"wp-block-image size-large\"><a href=\"https:\/\/pistokehybridi.fi\/kauppa\/?product_cat=hybridi-invertterit\"><img decoding=\"async\" width=\"1002\" height=\"618\" src=\"https:\/\/pistokehybridi.fi\/kauppa\/wp-content\/uploads\/2025\/03\/bluesun-kampanja.jpg\" alt=\"\" class=\"wp-image-362\"\/><\/a><figcaption class=\"wp-element-caption\"><a href=\"https:\/\/pistokehybridi.fi\/kauppa\/?product_cat=hybridi-invertterit\" data-type=\"link\" data-id=\"https:\/\/pistokehybridi.fi\/kauppa\/?product=bluesun-bse8kh3-8kw-kolmivaiheinen-hybridi-invertteri-bst-20-0lv-22kwh-moduuliakkuvarastolla\">Bluesun s\u00e4hk\u00f6varastot invertterill\u00e4 kev\u00e4tkampanja!<\/a><\/figcaption><\/figure>\n\n<figure class=\"wp-block-image size-large\"><a href=\"https:\/\/pistokehybridi.fi\/kauppa\/?product_cat=latauslaitteet\"><img decoding=\"async\" width=\"1920\" height=\"1200\" src=\"https:\/\/pistokehybridi.fi\/kauppa\/wp-content\/uploads\/2025\/03\/Nissan-Leaf-V2L.jpg\" alt=\"\" class=\"wp-image-320\"\/><\/a><figcaption class=\"wp-element-caption\">V2L &#8211; virran ulosotto Nissan LEAF autoille! Uutuus<\/figcaption><\/figure>\n\n<figure class=\"wp-block-image size-full\"><a href=\"https:\/\/pistokehybridi.fi\/kauppa\/?product=toshiba-lto-scib-12v-akkumoduuli-80ah-max-virta-500a-30000-syklia\"><img loading=\"lazy\" decoding=\"async\" width=\"3726\" height=\"2454\" src=\"https:\/\/pistokehybridi.fi\/kauppa\/wp-content\/uploads\/2025\/05\/era-lto-kennoja.jpg\" alt=\"\" class=\"wp-image-423\"\/><\/a><figcaption class=\"wp-element-caption\">BMS -ratkaisut litium ion akkuken<a href=\"https:\/\/pistokehybridi.fi\/kauppa\/?product=toshiba-lto-scib-12v-akkumoduuli-80ah-max-virta-500a-30000-syklia\">https:\/\/pistokehybridi.fi\/kauppa\/?product=toshiba-lto-scib-12v-akkumoduuli-80ah-max-virta-500a-30000-syklia<\/a>noille<\/figcaption><\/figure><\/figure><\/div><\/div><p><\/p>","protected":false},"excerpt":{"rendered":"","protected":false},"author":1,"featured_media":0,"parent":0,"menu_order":0,"comment_status":"closed","ping_status":"closed","template":"","meta":{"_kadence_starter_templates_imported_post":false,"_kad_post_transparent":"default","_kad_post_title":"hide","_kad_post_layout":"fullwidth","_kad_post_sidebar_id":"","_kad_post_content_style":"unboxed","_kad_post_vertical_padding":"","_kad_post_feature":"","_kad_post_feature_position":"","_kad_post_header":false,"_kad_post_footer":false,"footnotes":""},"class_list":["post-65","page","type-page","status-publish","hentry"],"_links":{"self":[{"href":"https:\/\/pistokehybridi.fi\/kauppa\/index.php?rest_route=\/wp\/v2\/pages\/65","targetHints":{"allow":["GET"]}}],"collection":[{"href":"https:\/\/pistokehybridi.fi\/kauppa\/index.php?rest_route=\/wp\/v2\/pages"}],"about":[{"href":"https:\/\/pistokehybridi.fi\/kauppa\/index.php?rest_route=\/wp\/v2\/types\/page"}],"author":[{"embeddable":true,"href":"https:\/\/pistokehybridi.fi\/kauppa\/index.php?rest_route=\/wp\/v2\/users\/1"}],"replies":[{"embeddable":true,"href":"https:\/\/pistokehybridi.fi\/kauppa\/index.php?rest_route=%2Fwp%2Fv2%2Fcomments&post=65"}],"version-history":[{"count":41,"href":"https:\/\/pistokehybridi.fi\/kauppa\/index.php?rest_route=\/wp\/v2\/pages\/65\/revisions"}],"predecessor-version":[{"id":567,"href":"https:\/\/pistokehybridi.fi\/kauppa\/index.php?rest_route=\/wp\/v2\/pages\/65\/revisions\/567"}],"wp:attachment":[{"href":"https:\/\/pistokehybridi.fi\/kauppa\/index.php?rest_route=%2Fwp%2Fv2%2Fmedia&parent=65"}],"curies":[{"name":"wp","href":"https:\/\/api.w.org\/{rel}","templated":true}]}}