{"id":111,"date":"2024-05-27T17:48:42","date_gmt":"2024-05-27T17:48:42","guid":{"rendered":"https:\/\/pistokehybridi.fi\/kauppa\/?post_type=product&#038;p=111"},"modified":"2025-03-25T10:25:45","modified_gmt":"2025-03-25T10:25:45","slug":"daly-smart-bms-120a-14s-litium-ion-48v-jarjestelmille","status":"publish","type":"product","link":"https:\/\/pistokehybridi.fi\/kauppa\/?product=daly-smart-bms-120a-14s-litium-ion-48v-jarjestelmille","title":{"rendered":"Daly Smart BMS 120A 14S Litium-Ion 48V j\u00e4rjestelmille"},"content":{"rendered":"<p>Daly SmartBMS 120A 14S Litium-Ion tarjoaa BMS yksik\u00f6n 48V j\u00e4rjestelmille miss\u00e4 jatkuva purkuvista on maksimissaan 120A ja jatkuva latausvirta maksimissaan 60A. Piikkivirta noin 40% korkeampi lyhyille virtapulsseille.<br \/>\nLaite on tarkopitettu ja toimii ainoastaan Litium Ion 3.7V akkujen kanssa joita on sarjaan kuytkettyn\u00e4 14kpl (14S).<\/p>\n<p>Mukana tulee Bluetooth sovitin jonka avulla Play -kaupasta saatvaalla sovelluksella voi tarkasti m\u00e4\u00e4ritell\u00e4 rajaj\u00e4nnitteet yksitt\u00e4isille kennoille ja kokonaisj\u00e4nnitteelle sek\u00e4 virralle. Sovellujksen avulla voi luonnollisesti tarkkailla akun tilaa, j\u00e4nnitteit\u00e4, virta ym.<br \/>\nLaitteessa on yksi l\u00e4mp\u00f6anturi.<br \/>\nVikatilanteessa laitteen l\u00e4pi kulkeva virta akun miinusnavasta voidaan katkaista vahinkojen v\u00e4ltt\u00e4miseksi.<br \/>\nPassiivinen j\u00e4\u00e4hdytys.<\/p>\n<p>Mukaan saat suomenkielisen asennusta auttavan oppaan.<\/p>\n","protected":false},"excerpt":{"rendered":"<p>Smart BMS akkuhallinta Litium Ion 3.7V akkuille, joita on sarjaan kuytkettyn\u00e4 14kpl (14S)<\/p>\n","protected":false},"featured_media":112,"template":"","meta":{"_kadence_starter_templates_imported_post":false,"_kad_post_transparent":"default","_kad_post_title":"","_kad_post_layout":"default","_kad_post_sidebar_id":"","_kad_post_content_style":"default","_kad_post_vertical_padding":"default","_kad_post_feature":"","_kad_post_feature_position":"","_kad_post_header":false,"_kad_post_footer":false},"product_cat":[30],"product_tag":[],"class_list":{"0":"post-111","1":"product","2":"type-product","3":"status-publish","4":"has-post-thumbnail","6":"product_cat-bms-akkuhallinta","7":"product_shipping_class-pieni-paketti","9":"first","10":"outofstock","11":"sale","12":"taxable","13":"shipping-taxable","14":"purchasable","15":"product-type-simple","16":"entry","17":"content-bg","18":"loop-entry"},"_links":{"self":[{"href":"https:\/\/pistokehybridi.fi\/kauppa\/index.php?rest_route=\/wp\/v2\/product\/111","targetHints":{"allow":["GET"]}}],"collection":[{"href":"https:\/\/pistokehybridi.fi\/kauppa\/index.php?rest_route=\/wp\/v2\/product"}],"about":[{"href":"https:\/\/pistokehybridi.fi\/kauppa\/index.php?rest_route=\/wp\/v2\/types\/product"}],"wp:featuredmedia":[{"embeddable":true,"href":"https:\/\/pistokehybridi.fi\/kauppa\/index.php?rest_route=\/wp\/v2\/media\/112"}],"wp:attachment":[{"href":"https:\/\/pistokehybridi.fi\/kauppa\/index.php?rest_route=%2Fwp%2Fv2%2Fmedia&parent=111"}],"wp:term":[{"taxonomy":"product_cat","embeddable":true,"href":"https:\/\/pistokehybridi.fi\/kauppa\/index.php?rest_route=%2Fwp%2Fv2%2Fproduct_cat&post=111"},{"taxonomy":"product_tag","embeddable":true,"href":"https:\/\/pistokehybridi.fi\/kauppa\/index.php?rest_route=%2Fwp%2Fv2%2Fproduct_tag&post=111"}],"curies":[{"name":"wp","href":"https:\/\/api.w.org\/{rel}","templated":true}]}}