{"id":12,"date":"2023-08-10T22:45:46","date_gmt":"2023-08-10T22:45:46","guid":{"rendered":"https:\/\/pistokehybridi.fi\/?post_type=product&#038;p=12"},"modified":"2025-12-05T09:34:00","modified_gmt":"2025-12-05T09:34:00","slug":"panasonic-14s-akkumoduuli-0-9kwh-22ah-prismatic-li-ion-cell","status":"publish","type":"product","link":"https:\/\/pistokehybridi.fi\/kauppa\/?product=panasonic-14s-akkumoduuli-0-9kwh-22ah-prismatic-li-ion-cell","title":{"rendered":"Panasonic 14S akkumoduuli 0.9kWh \/ 22Ah \/ Prismatic Li-Ion Cell"},"content":{"rendered":"<p>SOH noin 75%. Myyd\u00e4\u00e4n 14 kpl paketteina, Kennot irrotettavissa. Muovisuojus kennojen v\u00e4liin. Sopiva esim. 48V j\u00e4rjestelmiin. Kennon mitat 148mm, 27mm, 120mm, 5mm pultti. (Kysy projektiisi sopivaa BMS hintaa)<\/p>\n","protected":false},"excerpt":{"rendered":"<p>K\u00e4ytetty nelj\u00e4ntoista 22Ah akuston p\u00f6tk\u00f6<\/p>\n","protected":false},"featured_media":13,"template":"","meta":{"_kadence_starter_templates_imported_post":false,"_kad_post_transparent":"default","_kad_post_title":"","_kad_post_layout":"default","_kad_post_sidebar_id":"","_kad_post_content_style":"default","_kad_post_vertical_padding":"default","_kad_post_feature":"","_kad_post_feature_position":"","_kad_post_header":false,"_kad_post_footer":false},"product_cat":[16],"product_tag":[],"class_list":{"0":"post-12","1":"product","2":"type-product","3":"status-publish","4":"has-post-thumbnail","6":"product_cat-kaytetyt-li-ion-akkukennot-ja-moduulit","7":"product_shipping_class-20kg-paketti","9":"first","10":"outofstock","11":"taxable","12":"shipping-taxable","13":"purchasable","14":"product-type-simple","15":"entry","16":"content-bg","17":"loop-entry"},"_links":{"self":[{"href":"https:\/\/pistokehybridi.fi\/kauppa\/index.php?rest_route=\/wp\/v2\/product\/12","targetHints":{"allow":["GET"]}}],"collection":[{"href":"https:\/\/pistokehybridi.fi\/kauppa\/index.php?rest_route=\/wp\/v2\/product"}],"about":[{"href":"https:\/\/pistokehybridi.fi\/kauppa\/index.php?rest_route=\/wp\/v2\/types\/product"}],"wp:featuredmedia":[{"embeddable":true,"href":"https:\/\/pistokehybridi.fi\/kauppa\/index.php?rest_route=\/wp\/v2\/media\/13"}],"wp:attachment":[{"href":"https:\/\/pistokehybridi.fi\/kauppa\/index.php?rest_route=%2Fwp%2Fv2%2Fmedia&parent=12"}],"wp:term":[{"taxonomy":"product_cat","embeddable":true,"href":"https:\/\/pistokehybridi.fi\/kauppa\/index.php?rest_route=%2Fwp%2Fv2%2Fproduct_cat&post=12"},{"taxonomy":"product_tag","embeddable":true,"href":"https:\/\/pistokehybridi.fi\/kauppa\/index.php?rest_route=%2Fwp%2Fv2%2Fproduct_tag&post=12"}],"curies":[{"name":"wp","href":"https:\/\/api.w.org\/{rel}","templated":true}]}}