{"id":125,"date":"2024-06-10T17:44:21","date_gmt":"2024-06-10T17:44:21","guid":{"rendered":"https:\/\/pistokehybridi.fi\/kauppa\/?post_type=product&#038;p=125"},"modified":"2026-01-19T20:37:59","modified_gmt":"2026-01-19T20:37:59","slug":"hybridi-invertteri-ohjausyksikko-nissan-leaf-akulle","status":"publish","type":"product","link":"https:\/\/pistokehybridi.fi\/kauppa\/?product=hybridi-invertteri-ohjausyksikko-nissan-leaf-akulle","title":{"rendered":"Hybridi-invertteri ohjausyksikk\u00f6 Nissan Leaf -akulle"},"content":{"rendered":"<p>Hybridi-invertteri ohjausyksikk\u00f6 Nissan Leaf s\u00e4hk\u00f6auton akulle.<\/p>\n<p>Yksikk\u00f6 tukee monia eseampia s\u00e4hk\u00f6autojen akkuja ja useampoia eri hybridi-inverttereit\u00e4 (RS485 MODBUS) tukevia hybridi-inverttereit\u00e4 ja optiona CAN -v\u00e4yl\u00e4\u00e4 hy\u00f6dynt\u00e4vi\u00e4 inverttereit\u00e4 . Yksik\u00f6n avulla voit k\u00e4ytt\u00e4\u00e4 Nissan Leaf -akkua (24kWh,30kWh,40kWh) sellaisenaan hybridi-invertterin akkuvarastona. Oletuksena akkua k\u00e4ytet\u00e4\u00e4n 20-80% varaustason v\u00e4lilll\u00e4.<\/p>\n<p>Ohjausyksik\u00f6ss\u00e4 kaapeli Nissan Leaf s\u00e4hk\u00f6auton akun ohjauspistokkeeseen. Hybridi-invertteri kytket\u00e4\u00e4n yksikk\u00f6\u00f6n RS485 tai\u00a0 optiona CAN -liit\u00e4nn\u00e4ll\u00e4.<\/p>\n<p>Tuettuja hybridi-inverttereit\u00e4\u00a0 S485\/CAN -v\u00e4yl\u00e4liit\u00e4nt\u00e4 invertteriin.<\/p>\n<p>Yhteensopivat hybridi-invertterit:<br \/>\nFronius Primo Gen24 Plus<br \/>\nFronius Symo Gen24 Plus<br \/>\nSungrow SH15\/20\/25T<br \/>\nSungrow SH5.0\/6.0\/8.0\/10RT<br \/>\nSungrow SH3.0\/3.6\/4.0\/5.0\/6.0\/SH8.0\/10.0RS<br \/>\nFronius Symo Hybrid 3.0\/4.0\/5.0-3-S<br \/>\nGoodWe ET\/BT &amp; EH\/BH &amp; EHB<br \/>\nIngeteam STORAGE 1Play TL M (3-6 kW)<br \/>\nDeye SUN-(5-20)K-SG01HP3-EU-AM2<br \/>\nSolis RHI-3P(5-10)K-HVES-5G<br \/>\nSofar 5K 20KTL-3PH<br \/>\nKostal Plenticore plus 3.0 \/ 4.2 \/ 5.5 \/ 7.0 \/ 8.5 \/ 10, PLENTICORE G3 S \/ M \/ L, PLENTICORE BI 5.5-13\/ 5.5-26<br \/>\nSolax X3, X3-Ultra Hybrid<\/p>\n<p>Valmistamme ohjausyksit yksil\u00f6ityin\u00e4. Toimitusaika 1-2vk<\/p>\n<p>Ominaisuudet:<br \/>\n-Tarkkailee\u00a0akun\u00a0j\u00e4nnitteit\u00e4\u00a0ja\u00a0l\u00e4mp\u00f6tilaa<br \/>\n-Ohjaa\u00a0akun\u00a0kontaktoreita<br \/>\n-Balansoi\u00a0kennot<br \/>\n-Katkaisee virtapiirin jos j\u00e4nnite\/virta\/l\u00e4mp\u00f6tilarajat ylittyv\u00e4t<br \/>\nOttaa huomioon my\u00f6s akun SOH -tason.<br \/>\n-WIFI, selaimella asetettavat parametrit ja akun monitorointi<\/p>\n<p>Ohjelmisto avointa l\u00e4hdekoodia.<\/p>\n","protected":false},"excerpt":{"rendered":"<p>K\u00e4yt\u00e4 Nissan Leaf s\u00e4hk\u00f6auton akkua suoraan hybridi-invertterin s\u00e4hk\u00f6varastona.<\/p>\n","protected":false},"featured_media":518,"template":"","meta":{"_kadence_starter_templates_imported_post":false,"_kad_post_transparent":"default","_kad_post_title":"","_kad_post_layout":"default","_kad_post_sidebar_id":"","_kad_post_content_style":"default","_kad_post_vertical_padding":"default","_kad_post_feature":"","_kad_post_feature_position":"","_kad_post_header":false,"_kad_post_footer":false},"product_cat":[30],"product_tag":[],"class_list":{"0":"post-125","1":"product","2":"type-product","3":"status-publish","4":"has-post-thumbnail","6":"product_cat-bms-akkuhallinta","7":"product_shipping_class-pieni-paketti","9":"first","10":"instock","11":"taxable","12":"shipping-taxable","13":"purchasable","14":"product-type-simple","15":"entry","16":"content-bg","17":"loop-entry"},"_links":{"self":[{"href":"https:\/\/pistokehybridi.fi\/kauppa\/index.php?rest_route=\/wp\/v2\/product\/125","targetHints":{"allow":["GET"]}}],"collection":[{"href":"https:\/\/pistokehybridi.fi\/kauppa\/index.php?rest_route=\/wp\/v2\/product"}],"about":[{"href":"https:\/\/pistokehybridi.fi\/kauppa\/index.php?rest_route=\/wp\/v2\/types\/product"}],"wp:featuredmedia":[{"embeddable":true,"href":"https:\/\/pistokehybridi.fi\/kauppa\/index.php?rest_route=\/wp\/v2\/media\/518"}],"wp:attachment":[{"href":"https:\/\/pistokehybridi.fi\/kauppa\/index.php?rest_route=%2Fwp%2Fv2%2Fmedia&parent=125"}],"wp:term":[{"taxonomy":"product_cat","embeddable":true,"href":"https:\/\/pistokehybridi.fi\/kauppa\/index.php?rest_route=%2Fwp%2Fv2%2Fproduct_cat&post=125"},{"taxonomy":"product_tag","embeddable":true,"href":"https:\/\/pistokehybridi.fi\/kauppa\/index.php?rest_route=%2Fwp%2Fv2%2Fproduct_tag&post=125"}],"curies":[{"name":"wp","href":"https:\/\/api.w.org\/{rel}","templated":true}]}}