{"id":260,"date":"2025-01-23T07:29:00","date_gmt":"2025-01-23T07:29:00","guid":{"rendered":"https:\/\/pistokehybridi.fi\/kauppa\/?post_type=product&#038;p=260"},"modified":"2025-02-12T16:42:59","modified_gmt":"2025-02-12T16:42:59","slug":"nissan-leaf-akun-runko-kotelo-24kwh-30kwh-40kwh","status":"publish","type":"product","link":"https:\/\/pistokehybridi.fi\/kauppa\/?product=nissan-leaf-akun-runko-kotelo-24kwh-30kwh-40kwh","title":{"rendered":"Nissan Leaf akun runko kotelo 24kWh, 30kWh, 40kWh"},"content":{"rendered":"<p>Varastossamme on useita lommottomia Nissan Leaf akkukoteloita 24kWh,30 kWh ja 40kWh akuille. Hinnat alkaen 200\u20ac-. Ksy myynnist\u00e4mme tarkka malli. Ei s\u00e4hk\u00f6osia. S\u00e4hk\u00f6osat saatavana optiona.<\/p>\n","protected":false},"excerpt":{"rendered":"<p>Varastossamme on useita lommottomia Nissan Leaf akkukoteloita 24kWh,30 kWh ja 40kWh akuille. Hinnat alkaen 200\u20ac-. Ksy myynnist\u00e4mme tarkka malli. Ei s\u00e4hk\u00f6osia. S\u00e4hk\u00f6osat saatavana optiona.<\/p>\n","protected":false},"featured_media":294,"template":"","meta":{"_kadence_starter_templates_imported_post":false,"_kad_post_transparent":"default","_kad_post_title":"","_kad_post_layout":"default","_kad_post_sidebar_id":"","_kad_post_content_style":"default","_kad_post_vertical_padding":"default","_kad_post_feature":"","_kad_post_feature_position":"","_kad_post_header":false,"_kad_post_footer":false},"product_cat":[17],"product_tag":[],"class_list":{"0":"post-260","1":"product","2":"type-product","3":"status-publish","4":"has-post-thumbnail","6":"product_cat-sahkoautojen-osat","8":"first","9":"instock","10":"taxable","11":"shipping-taxable","12":"purchasable","13":"product-type-simple","14":"entry","15":"content-bg","16":"loop-entry"},"_links":{"self":[{"href":"https:\/\/pistokehybridi.fi\/kauppa\/index.php?rest_route=\/wp\/v2\/product\/260","targetHints":{"allow":["GET"]}}],"collection":[{"href":"https:\/\/pistokehybridi.fi\/kauppa\/index.php?rest_route=\/wp\/v2\/product"}],"about":[{"href":"https:\/\/pistokehybridi.fi\/kauppa\/index.php?rest_route=\/wp\/v2\/types\/product"}],"wp:featuredmedia":[{"embeddable":true,"href":"https:\/\/pistokehybridi.fi\/kauppa\/index.php?rest_route=\/wp\/v2\/media\/294"}],"wp:attachment":[{"href":"https:\/\/pistokehybridi.fi\/kauppa\/index.php?rest_route=%2Fwp%2Fv2%2Fmedia&parent=260"}],"wp:term":[{"taxonomy":"product_cat","embeddable":true,"href":"https:\/\/pistokehybridi.fi\/kauppa\/index.php?rest_route=%2Fwp%2Fv2%2Fproduct_cat&post=260"},{"taxonomy":"product_tag","embeddable":true,"href":"https:\/\/pistokehybridi.fi\/kauppa\/index.php?rest_route=%2Fwp%2Fv2%2Fproduct_tag&post=260"}],"curies":[{"name":"wp","href":"https:\/\/api.w.org\/{rel}","templated":true}]}}