{"id":269,"date":"2025-01-31T16:15:51","date_gmt":"2025-01-31T16:15:51","guid":{"rendered":"https:\/\/pistokehybridi.fi\/kauppa\/?post_type=product&#038;p=269"},"modified":"2025-01-31T16:31:14","modified_gmt":"2025-01-31T16:31:14","slug":"tesla-model-s-module-53-kwh-24v-kaytetty","status":"publish","type":"product","link":"https:\/\/pistokehybridi.fi\/kauppa\/?product=tesla-model-s-module-53-kwh-24v-kaytetty","title":{"rendered":"Tesla Model S module 5,3 kwh \u2013 24V, K\u00e4ytetty"},"content":{"rendered":"<p>K\u00e4ytetty 85kwh Tesla Model S -akkujen moduuli. Moduuli koostuu 444 Panasonic 18650 NCR -kennosta, joiden nimelliskapasiteetti on 3400 mAh. Kunto hyv\u00e4 -kapasiteettitestattu. Soveltuu autok\u00e4ytt\u00f6\u00f6n akun korjaukseen.<\/p>\n<p>Mitat: 685 x 300 (280) x 75 mm (P x L x K)<br \/>\nPaino: n. 25 kg<br \/>\nJ\u00e4nnite: 24,9 &#8211; 18,6 VDC, 6S -sarjaankytken\u00e4t<br \/>\nTeho: 5,3 kWh<br \/>\nMukana johdot, Tesla BMS piirilevy puuttuu<\/p>\n<p>&nbsp;<\/p>\n","protected":false},"excerpt":{"rendered":"<p>K\u00e4ytetty 85kwh Tesla Model S -akkujen moduuli. Moduuli koostuu 444 Panasonic 18650 NCR -kennosta, joiden nimelliskapasiteetti on 3400 mAh. Kunto hyv\u00e4 -kapasiteettitestattu. Soveltuu autok\u00e4ytt\u00f6\u00f6n akun korjaukseen. Mitat: 685 x 300 (280) x 75 mm (P x L x K) Paino: n. 25 kg J\u00e4nnite: 24,9 &#8211; 18,6 VDC, 6S -sarjaankytken\u00e4t Teho: 5,3 kWh Mukana johdot,&#8230;<\/p>\n","protected":false},"featured_media":270,"template":"","meta":{"_kadence_starter_templates_imported_post":false,"_kad_post_transparent":"default","_kad_post_title":"","_kad_post_layout":"default","_kad_post_sidebar_id":"","_kad_post_content_style":"default","_kad_post_vertical_padding":"default","_kad_post_feature":"","_kad_post_feature_position":"","_kad_post_header":false,"_kad_post_footer":false},"product_cat":[16],"product_tag":[],"class_list":{"0":"post-269","1":"product","2":"type-product","3":"status-publish","4":"has-post-thumbnail","6":"product_cat-kaytetyt-li-ion-akkukennot-ja-moduulit","7":"product_shipping_class-pieni-akkulava","9":"first","10":"instock","11":"taxable","12":"shipping-taxable","13":"purchasable","14":"product-type-simple","15":"entry","16":"content-bg","17":"loop-entry"},"_links":{"self":[{"href":"https:\/\/pistokehybridi.fi\/kauppa\/index.php?rest_route=\/wp\/v2\/product\/269","targetHints":{"allow":["GET"]}}],"collection":[{"href":"https:\/\/pistokehybridi.fi\/kauppa\/index.php?rest_route=\/wp\/v2\/product"}],"about":[{"href":"https:\/\/pistokehybridi.fi\/kauppa\/index.php?rest_route=\/wp\/v2\/types\/product"}],"wp:featuredmedia":[{"embeddable":true,"href":"https:\/\/pistokehybridi.fi\/kauppa\/index.php?rest_route=\/wp\/v2\/media\/270"}],"wp:attachment":[{"href":"https:\/\/pistokehybridi.fi\/kauppa\/index.php?rest_route=%2Fwp%2Fv2%2Fmedia&parent=269"}],"wp:term":[{"taxonomy":"product_cat","embeddable":true,"href":"https:\/\/pistokehybridi.fi\/kauppa\/index.php?rest_route=%2Fwp%2Fv2%2Fproduct_cat&post=269"},{"taxonomy":"product_tag","embeddable":true,"href":"https:\/\/pistokehybridi.fi\/kauppa\/index.php?rest_route=%2Fwp%2Fv2%2Fproduct_tag&post=269"}],"curies":[{"name":"wp","href":"https:\/\/api.w.org\/{rel}","templated":true}]}}