{"id":281,"date":"2025-02-02T07:43:01","date_gmt":"2025-02-02T07:43:01","guid":{"rendered":"https:\/\/pistokehybridi.fi\/kauppa\/?post_type=product&#038;p=281"},"modified":"2025-12-07T09:21:16","modified_gmt":"2025-12-07T09:21:16","slug":"bmw-hybridi-akkumoduuli-16s-58-4v-14ah-kaytetty","status":"publish","type":"product","link":"https:\/\/pistokehybridi.fi\/kauppa\/?product=bmw-hybridi-akkumoduuli-16s-58-4v-14ah-kaytetty","title":{"rendered":"BMW hybridi akkumoduuli 16S \/ 58.4V 14Ah, K\u00e4ytetty"},"content":{"rendered":"<p>Moduuli sis\u00e4lt\u00e4\u00e4 16kpl li-ion primatic akkukennoa kehikossa sarjaankykettyn\u00e4, K\u00e4ytetty.<\/p>\n<p>K\u00e4ytetty 16S Prismatic LI-ION NMC (16kpl sarjaankytketty) vm 2017, LG Chem. Alumiininen kehikko, 4 kiinnityspistett\u00e4 kulmissa.<br \/>\nPituus 40cm, Leveys 18cm, korkeus 10cm. Kaapelit p\u00e4ihin mukana.<br \/>\nBMS:ss\u00e4\u00e4 varten kaksirivinen 2.5mm jakov\u00e4lill\u00e4 oleva liitinrima.<br \/>\nP\u00e4iss\u00e4 abikotyyppinen normaali abikoa leve\u00e4mpi + ja &#8211; napa liittimet<\/p>\n<p>K\u00e4ytett\u00e4viss\u00e4 oleva kapasiteetti noin 14Ah\/0.8kWh (Mitattu 4.12V &gt; 3.1V \/ 10A). Ei autok\u00e4ytt\u00f6\u00f6n. Vrt uuden nettokapasiteetti 21Ah\/1.2kWh<br \/>\nli-ion, NMC<br \/>\nNominal voltage 3.7V<br \/>\nOperating voltage range 3V to 4.12V<\/p>\n<p>&nbsp;<\/p>\n","protected":false},"excerpt":{"rendered":"<p>Moduuli sis\u00e4lt\u00e4\u00e4 16kpl li-ion primatic akkukennoa kehikossa sarjaankykettyn\u00e4, K\u00e4ytetty. K\u00e4ytetty 16S Prismatic LI-ION NMC (16kpl sarjaankytketty) vm 2017, LG Chem. Alumiininen kehikko, 4 kiinnityspistett\u00e4 kulmissa. Pituus 40cm, Leveys 18cm, korkeus 10cm. Kaapelit p\u00e4ihin mukana. BMS:ss\u00e4\u00e4 varten kaksirivinen 2.5mm jakov\u00e4lill\u00e4 oleva liitinrima. P\u00e4iss\u00e4 abikotyyppinen normaali abikoa leve\u00e4mpi + ja &#8211; napa liittimet K\u00e4ytett\u00e4viss\u00e4 oleva kapasiteetti noin&#8230;<\/p>\n","protected":false},"featured_media":286,"template":"","meta":{"_kadence_starter_templates_imported_post":false,"_kad_post_transparent":"default","_kad_post_title":"","_kad_post_layout":"default","_kad_post_sidebar_id":"","_kad_post_content_style":"default","_kad_post_vertical_padding":"default","_kad_post_feature":"","_kad_post_feature_position":"","_kad_post_header":false,"_kad_post_footer":false},"product_cat":[16],"product_tag":[],"class_list":{"0":"post-281","1":"product","2":"type-product","3":"status-publish","4":"has-post-thumbnail","6":"product_cat-kaytetyt-li-ion-akkukennot-ja-moduulit","7":"product_shipping_class-20kg-paketti","9":"first","10":"instock","11":"taxable","12":"shipping-taxable","13":"purchasable","14":"product-type-simple","15":"entry","16":"content-bg","17":"loop-entry"},"_links":{"self":[{"href":"https:\/\/pistokehybridi.fi\/kauppa\/index.php?rest_route=\/wp\/v2\/product\/281","targetHints":{"allow":["GET"]}}],"collection":[{"href":"https:\/\/pistokehybridi.fi\/kauppa\/index.php?rest_route=\/wp\/v2\/product"}],"about":[{"href":"https:\/\/pistokehybridi.fi\/kauppa\/index.php?rest_route=\/wp\/v2\/types\/product"}],"wp:featuredmedia":[{"embeddable":true,"href":"https:\/\/pistokehybridi.fi\/kauppa\/index.php?rest_route=\/wp\/v2\/media\/286"}],"wp:attachment":[{"href":"https:\/\/pistokehybridi.fi\/kauppa\/index.php?rest_route=%2Fwp%2Fv2%2Fmedia&parent=281"}],"wp:term":[{"taxonomy":"product_cat","embeddable":true,"href":"https:\/\/pistokehybridi.fi\/kauppa\/index.php?rest_route=%2Fwp%2Fv2%2Fproduct_cat&post=281"},{"taxonomy":"product_tag","embeddable":true,"href":"https:\/\/pistokehybridi.fi\/kauppa\/index.php?rest_route=%2Fwp%2Fv2%2Fproduct_tag&post=281"}],"curies":[{"name":"wp","href":"https:\/\/api.w.org\/{rel}","templated":true}]}}