{"id":283,"date":"2025-02-02T07:55:45","date_gmt":"2025-02-02T07:55:45","guid":{"rendered":"https:\/\/pistokehybridi.fi\/kauppa\/?post_type=product&#038;p=283"},"modified":"2025-02-02T07:59:33","modified_gmt":"2025-02-02T07:59:33","slug":"lg-10s-37v-li-ion-moduuli-15ah-kaytetty","status":"publish","type":"product","link":"https:\/\/pistokehybridi.fi\/kauppa\/?product=lg-10s-37v-li-ion-moduuli-15ah-kaytetty","title":{"rendered":"LG 10S \/ 37V Li-Ion moduuli 15Ah, K\u00e4ytetty"},"content":{"rendered":"<p>LG 10S Li-Ion moduuli<br \/>\nYhdess\u00e4 k\u00e4ytetyss\u00e4 moduulissa on 10kpl Li-ion kennoa sarjassa (37V),<br \/>\nP\u00e4\u00e4ss\u00e4 olevan ruskean muovisuojan alle voi kytke\u00e4 BMS kaapelit yksitt\u00e4iselle kennoille.<br \/>\nPituus 31cm, leveys 12.5cm, korkeus 15cm<br \/>\nEi autok\u00e4ytt\u00f6\u00f6n<\/p>\n","protected":false},"excerpt":{"rendered":"<p>LG 10S Li-Ion moduuli Yhdess\u00e4 k\u00e4ytetyss\u00e4 moduulissa on 10kpl Li-ion kennoa sarjassa (37V), P\u00e4\u00e4ss\u00e4 olevan ruskean muovisuojan alle voi kytke\u00e4 BMS kaapelit yksitt\u00e4iselle kennoille. Pituus 31cm, leveys 12.5cm, korkeus 15cm Ei autok\u00e4ytt\u00f6\u00f6n<\/p>\n","protected":false},"featured_media":284,"template":"","meta":{"_kadence_starter_templates_imported_post":false,"_kad_post_transparent":"default","_kad_post_title":"","_kad_post_layout":"default","_kad_post_sidebar_id":"","_kad_post_content_style":"default","_kad_post_vertical_padding":"default","_kad_post_feature":"","_kad_post_feature_position":"","_kad_post_header":false,"_kad_post_footer":false},"product_cat":[16],"product_tag":[],"class_list":{"0":"post-283","1":"product","2":"type-product","3":"status-publish","4":"has-post-thumbnail","6":"product_cat-kaytetyt-li-ion-akkukennot-ja-moduulit","7":"product_shipping_class-20kg-paketti","9":"first","10":"instock","11":"taxable","12":"shipping-taxable","13":"purchasable","14":"product-type-simple","15":"entry","16":"content-bg","17":"loop-entry"},"_links":{"self":[{"href":"https:\/\/pistokehybridi.fi\/kauppa\/index.php?rest_route=\/wp\/v2\/product\/283","targetHints":{"allow":["GET"]}}],"collection":[{"href":"https:\/\/pistokehybridi.fi\/kauppa\/index.php?rest_route=\/wp\/v2\/product"}],"about":[{"href":"https:\/\/pistokehybridi.fi\/kauppa\/index.php?rest_route=\/wp\/v2\/types\/product"}],"wp:featuredmedia":[{"embeddable":true,"href":"https:\/\/pistokehybridi.fi\/kauppa\/index.php?rest_route=\/wp\/v2\/media\/284"}],"wp:attachment":[{"href":"https:\/\/pistokehybridi.fi\/kauppa\/index.php?rest_route=%2Fwp%2Fv2%2Fmedia&parent=283"}],"wp:term":[{"taxonomy":"product_cat","embeddable":true,"href":"https:\/\/pistokehybridi.fi\/kauppa\/index.php?rest_route=%2Fwp%2Fv2%2Fproduct_cat&post=283"},{"taxonomy":"product_tag","embeddable":true,"href":"https:\/\/pistokehybridi.fi\/kauppa\/index.php?rest_route=%2Fwp%2Fv2%2Fproduct_tag&post=283"}],"curies":[{"name":"wp","href":"https:\/\/api.w.org\/{rel}","templated":true}]}}