{"id":302,"date":"2025-02-26T16:50:22","date_gmt":"2025-02-26T16:50:22","guid":{"rendered":"https:\/\/pistokehybridi.fi\/kauppa\/?post_type=product&#038;p=302"},"modified":"2025-02-26T16:58:28","modified_gmt":"2025-02-26T16:58:28","slug":"kia-niro-plug-in-hybridiakku-6kwh","status":"publish","type":"product","link":"https:\/\/pistokehybridi.fi\/kauppa\/?product=kia-niro-plug-in-hybridiakku-6kwh","title":{"rendered":"Kia Niro Plug-in hybridiakku 6kWh"},"content":{"rendered":"<p>Sis\u00e4lt\u00e4\u00e4 molemmat akkuyksik\u00f6t. Kapasiteetti noin 6kWh alkuper\u00e4isest\u00e4 8.9 kWh kapasiteetista. Kysy rahtia.<\/p>\n","protected":false},"excerpt":{"rendered":"<p>Sis\u00e4lt\u00e4\u00e4 molemmat akkuyksik\u00f6t. Kapasiteetti noin 6kWh alkuper\u00e4isest\u00e4 8.9 kWh kapasiteetista. Kysy rahtia.<\/p>\n","protected":false},"featured_media":303,"template":"","meta":{"_kadence_starter_templates_imported_post":false,"_kad_post_transparent":"default","_kad_post_title":"","_kad_post_layout":"default","_kad_post_sidebar_id":"","_kad_post_content_style":"default","_kad_post_vertical_padding":"default","_kad_post_feature":"","_kad_post_feature_position":"","_kad_post_header":false,"_kad_post_footer":false},"product_cat":[18],"product_tag":[],"class_list":{"0":"post-302","1":"product","2":"type-product","3":"status-publish","4":"has-post-thumbnail","6":"product_cat-kokonaiset-kaytetyt-sahkoautojen-ja-hybridien-akut","7":"product_shipping_class-nouto","9":"first","10":"instock","11":"taxable","12":"shipping-taxable","13":"purchasable","14":"product-type-simple","15":"entry","16":"content-bg","17":"loop-entry"},"_links":{"self":[{"href":"https:\/\/pistokehybridi.fi\/kauppa\/index.php?rest_route=\/wp\/v2\/product\/302","targetHints":{"allow":["GET"]}}],"collection":[{"href":"https:\/\/pistokehybridi.fi\/kauppa\/index.php?rest_route=\/wp\/v2\/product"}],"about":[{"href":"https:\/\/pistokehybridi.fi\/kauppa\/index.php?rest_route=\/wp\/v2\/types\/product"}],"wp:featuredmedia":[{"embeddable":true,"href":"https:\/\/pistokehybridi.fi\/kauppa\/index.php?rest_route=\/wp\/v2\/media\/303"}],"wp:attachment":[{"href":"https:\/\/pistokehybridi.fi\/kauppa\/index.php?rest_route=%2Fwp%2Fv2%2Fmedia&parent=302"}],"wp:term":[{"taxonomy":"product_cat","embeddable":true,"href":"https:\/\/pistokehybridi.fi\/kauppa\/index.php?rest_route=%2Fwp%2Fv2%2Fproduct_cat&post=302"},{"taxonomy":"product_tag","embeddable":true,"href":"https:\/\/pistokehybridi.fi\/kauppa\/index.php?rest_route=%2Fwp%2Fv2%2Fproduct_tag&post=302"}],"curies":[{"name":"wp","href":"https:\/\/api.w.org\/{rel}","templated":true}]}}