{"id":304,"date":"2025-02-26T17:05:45","date_gmt":"2025-02-26T17:05:45","guid":{"rendered":"https:\/\/pistokehybridi.fi\/kauppa\/?post_type=product&#038;p=304"},"modified":"2026-03-03T08:05:34","modified_gmt":"2026-03-03T08:05:34","slug":"volkswagen-e-golf-348kwh-ajoakku","status":"publish","type":"product","link":"https:\/\/pistokehybridi.fi\/kauppa\/?product=volkswagen-e-golf-348kwh-ajoakku","title":{"rendered":"Volkswagen e-Golf 34,8kWh ajoakku"},"content":{"rendered":"<p>K\u00e4ytetty e-Golf 34,8kWh (nimellis netto) s\u00e4hk\u00f6auton akku, ajettu 90<span style=\"font-family: var(--global-body-font-family);\">000km.\u00a0 Takuu 6kk. <\/span>Kysy rahti tai nouto. Marginaalivero.<\/p>\n","protected":false},"excerpt":{"rendered":"<p>K\u00e4ytetty e-Golf 34,8kWh (nimellis netto) s\u00e4hk\u00f6auton akku, ajettu 90000km.\u00a0 Takuu 6kk. Kysy rahti tai nouto. Marginaalivero.<\/p>\n","protected":false},"featured_media":305,"template":"","meta":{"_kadence_starter_templates_imported_post":false,"_kad_post_transparent":"default","_kad_post_title":"","_kad_post_layout":"default","_kad_post_sidebar_id":"","_kad_post_content_style":"default","_kad_post_vertical_padding":"default","_kad_post_feature":"","_kad_post_feature_position":"","_kad_post_header":false,"_kad_post_footer":false},"product_cat":[18],"product_tag":[],"class_list":{"0":"post-304","1":"product","2":"type-product","3":"status-publish","4":"has-post-thumbnail","6":"product_cat-kokonaiset-kaytetyt-sahkoautojen-ja-hybridien-akut","7":"product_shipping_class-iso-akkulava","9":"first","10":"instock","11":"shipping-taxable","12":"purchasable","13":"product-type-simple","14":"entry","15":"content-bg","16":"loop-entry"},"_links":{"self":[{"href":"https:\/\/pistokehybridi.fi\/kauppa\/index.php?rest_route=\/wp\/v2\/product\/304","targetHints":{"allow":["GET"]}}],"collection":[{"href":"https:\/\/pistokehybridi.fi\/kauppa\/index.php?rest_route=\/wp\/v2\/product"}],"about":[{"href":"https:\/\/pistokehybridi.fi\/kauppa\/index.php?rest_route=\/wp\/v2\/types\/product"}],"wp:featuredmedia":[{"embeddable":true,"href":"https:\/\/pistokehybridi.fi\/kauppa\/index.php?rest_route=\/wp\/v2\/media\/305"}],"wp:attachment":[{"href":"https:\/\/pistokehybridi.fi\/kauppa\/index.php?rest_route=%2Fwp%2Fv2%2Fmedia&parent=304"}],"wp:term":[{"taxonomy":"product_cat","embeddable":true,"href":"https:\/\/pistokehybridi.fi\/kauppa\/index.php?rest_route=%2Fwp%2Fv2%2Fproduct_cat&post=304"},{"taxonomy":"product_tag","embeddable":true,"href":"https:\/\/pistokehybridi.fi\/kauppa\/index.php?rest_route=%2Fwp%2Fv2%2Fproduct_tag&post=304"}],"curies":[{"name":"wp","href":"https:\/\/api.w.org\/{rel}","templated":true}]}}