{"id":381,"date":"2025-03-17T19:08:00","date_gmt":"2025-03-17T19:08:00","guid":{"rendered":"https:\/\/pistokehybridi.fi\/kauppa\/?post_type=product&#038;p=381"},"modified":"2025-11-16T16:15:05","modified_gmt":"2025-11-16T16:15:05","slug":"jk-smart-bms-4s-8s-100a","status":"publish","type":"product","link":"https:\/\/pistokehybridi.fi\/kauppa\/?product=jk-smart-bms-4s-8s-100a","title":{"rendered":"JK Smart BMS (4S &#8211; 8S) &#8211; 100A"},"content":{"rendered":"<p><strong>Bluetoothin kautta puhelinsovelluksella halllittava monipuolinen akkuhallinta BMS<\/strong><\/p>\n<p>Bluetooth sovelluksesta on valittavissa kennotyyppi ja kaikki mahdolliset parametrit voi kustomoida halutun laisiksi.<br \/>\niso 1A suuruinen aktiivinen balansointivirta kennojen j\u00e4nnitteiden tasapainoitukseen.<\/p>\n<p>T\u00e4m\u00e4 BMS sopii 14,8V (4S) &#8211; 29,6V (8S) Li-Ion akustoillemme, joista halutaan keskisuuria purkuvirtoja aina 100A jatkuvaan tai 200A piikkivirtaan asti. Eli t\u00e4m\u00e4n BMS:n kanssa esim. 24V akustosta saadaan n. 2,5kW jatkuvaa tehoa ja hetkellisesti jopa n. 5 kW.\u00a0 Toimii my\u00f6s LFP(4-8S) ja LTO (5-8S) akuilla.<\/p>\n<p>Google Play kaupasta saatavalla k\u00e4nnykk\u00e4sovelluksella s\u00e4\u00e4d\u00e4t parametreja ja tarkkailet akun tilaa (purkuvirta, kokonaisj\u00e4nnite sek\u00e4 yksitt\u00e4isten kennojen j\u00e4nnite, l\u00e4mp\u00f6tila). BMS:ss\u00e4 ss\u00e4 on mahdollista est\u00e4\u00e4 ylilataus tai alipurku s\u00e4\u00e4t\u00e4m\u00e4ll\u00e4 j\u00e4nniterajoja.<\/p>\n<p>Pakkaus sis\u00e4lt\u00e4\u00e4 BMS yksik\u00f6n lis\u00e4ksi:<br \/>\nBalansointikaapelisarja<br \/>\n<span style=\"font-family: var(--global-body-font-family);\">Johdollinen ON \u2013 OFF kytkin<br \/>\n<\/span><span style=\"font-family: var(--global-body-font-family);\">RS485-johto<\/span><\/p>\n<p>Tekniset tiedot:<br \/>\nValmistaja JK<br \/>\nSuurin jatkuva purku\/latausvirta 100A<br \/>\nSuurin hetkellin purku\/latausvirta 200A<br \/>\nBalansointivirta 0-1A, s\u00e4\u00e4dett\u00e4viss\u00e4<br \/>\nLatausvirran rajoitus 10-100A, s\u00e4\u00e4dett\u00e4viss\u00e4<br \/>\nKennokohtainen j\u00e4nniteraja (purku\/lataus) 1,2V \u2026 4,35V, s\u00e4\u00e4dett\u00e4viss\u00e4<br \/>\nL\u00e4mp\u00f6tila-antureita: 3 kpl (1 sis\u00e4inen, 2 ulkoista)<br \/>\nL\u00e4mp\u00f6tila- ja oikosulkusuojattu<br \/>\nKommunikointi: BT<br \/>\nSovellus: Android, IOS, Windows<\/p>\n","protected":false},"excerpt":{"rendered":"<p>Smart BMS akkuhallinta Litium Ion 3.7V akkuille, joita on sarjaan kytkettyn\u00e4 4-8kpl (4-8S), jatkuvan purkuvirran kesto 100A<\/p>\n","protected":false},"featured_media":382,"template":"","meta":{"_kadence_starter_templates_imported_post":false,"_kad_post_transparent":"default","_kad_post_title":"","_kad_post_layout":"default","_kad_post_sidebar_id":"","_kad_post_content_style":"default","_kad_post_vertical_padding":"default","_kad_post_feature":"","_kad_post_feature_position":"","_kad_post_header":false,"_kad_post_footer":false},"product_cat":[30],"product_tag":[],"class_list":{"0":"post-381","1":"product","2":"type-product","3":"status-publish","4":"has-post-thumbnail","6":"product_cat-bms-akkuhallinta","7":"product_shipping_class-pieni-paketti","9":"first","10":"instock","11":"taxable","12":"shipping-taxable","13":"purchasable","14":"product-type-simple","15":"entry","16":"content-bg","17":"loop-entry"},"_links":{"self":[{"href":"https:\/\/pistokehybridi.fi\/kauppa\/index.php?rest_route=\/wp\/v2\/product\/381","targetHints":{"allow":["GET"]}}],"collection":[{"href":"https:\/\/pistokehybridi.fi\/kauppa\/index.php?rest_route=\/wp\/v2\/product"}],"about":[{"href":"https:\/\/pistokehybridi.fi\/kauppa\/index.php?rest_route=\/wp\/v2\/types\/product"}],"wp:featuredmedia":[{"embeddable":true,"href":"https:\/\/pistokehybridi.fi\/kauppa\/index.php?rest_route=\/wp\/v2\/media\/382"}],"wp:attachment":[{"href":"https:\/\/pistokehybridi.fi\/kauppa\/index.php?rest_route=%2Fwp%2Fv2%2Fmedia&parent=381"}],"wp:term":[{"taxonomy":"product_cat","embeddable":true,"href":"https:\/\/pistokehybridi.fi\/kauppa\/index.php?rest_route=%2Fwp%2Fv2%2Fproduct_cat&post=381"},{"taxonomy":"product_tag","embeddable":true,"href":"https:\/\/pistokehybridi.fi\/kauppa\/index.php?rest_route=%2Fwp%2Fv2%2Fproduct_tag&post=381"}],"curies":[{"name":"wp","href":"https:\/\/api.w.org\/{rel}","templated":true}]}}