{"id":387,"date":"2025-03-17T19:53:13","date_gmt":"2025-03-17T19:53:13","guid":{"rendered":"https:\/\/pistokehybridi.fi\/kauppa\/?post_type=product&#038;p=387"},"modified":"2025-03-17T20:04:57","modified_gmt":"2025-03-17T20:04:57","slug":"nissan-leaf-96s-lbc-bms-ohjain-12-kaytetty","status":"publish","type":"product","link":"https:\/\/pistokehybridi.fi\/kauppa\/?product=nissan-leaf-96s-lbc-bms-ohjain-12-kaytetty","title":{"rendered":"Nissan Leaf 96S LBC BMS ohjain 12, k\u00e4ytetty"},"content":{"rendered":"<p>Nissan Leaf LBC BMS ohjain tarjoaa BMS akkuhallintayksik\u00f6n 96S (96 kennon sarjaankytketylle) litium-Ion akustolle.<br \/>\n12V j\u00e4nnite kytkee kennojen balansoinnin p\u00e4\u00e4lle.<br \/>\nCAN v\u00e4yl\u00e4n kautta voi lukea j\u00e4nnitteen, varauksen, l\u00e4mp\u00f6tilat yms.<br \/>\nCAN v\u00e4yl\u00e4\u00e4n saa my\u00f6s kytketty\u00e4 OBD2 -sovittimen jonka avulla puhelimen LeafSpy Pro -sovelluksella pystyy tarkkailemaan akun tilaa.<br \/>\nOhjain 2012 vuosimallin Leafista<\/p>\n<p>Optiona voit tilata johtosarjan, virta-anturin ja kontaktorit (3kpl). Kysy myynnist\u00e4mme<\/p>\n","protected":false},"excerpt":{"rendered":"<p>96S BMS litium Ion akustolle esim. s\u00e4hk\u00f6varastoon tai konversioajoneuvoon<\/p>\n","protected":false},"featured_media":388,"template":"","meta":{"_kadence_starter_templates_imported_post":false,"_kad_post_transparent":"default","_kad_post_title":"","_kad_post_layout":"default","_kad_post_sidebar_id":"","_kad_post_content_style":"default","_kad_post_vertical_padding":"default","_kad_post_feature":"","_kad_post_feature_position":"","_kad_post_header":false,"_kad_post_footer":false},"product_cat":[30],"product_tag":[],"class_list":{"0":"post-387","1":"product","2":"type-product","3":"status-publish","4":"has-post-thumbnail","6":"product_cat-bms-akkuhallinta","7":"product_shipping_class-pieni-paketti","9":"first","10":"instock","11":"taxable","12":"shipping-taxable","13":"purchasable","14":"product-type-simple","15":"entry","16":"content-bg","17":"loop-entry"},"_links":{"self":[{"href":"https:\/\/pistokehybridi.fi\/kauppa\/index.php?rest_route=\/wp\/v2\/product\/387","targetHints":{"allow":["GET"]}}],"collection":[{"href":"https:\/\/pistokehybridi.fi\/kauppa\/index.php?rest_route=\/wp\/v2\/product"}],"about":[{"href":"https:\/\/pistokehybridi.fi\/kauppa\/index.php?rest_route=\/wp\/v2\/types\/product"}],"wp:featuredmedia":[{"embeddable":true,"href":"https:\/\/pistokehybridi.fi\/kauppa\/index.php?rest_route=\/wp\/v2\/media\/388"}],"wp:attachment":[{"href":"https:\/\/pistokehybridi.fi\/kauppa\/index.php?rest_route=%2Fwp%2Fv2%2Fmedia&parent=387"}],"wp:term":[{"taxonomy":"product_cat","embeddable":true,"href":"https:\/\/pistokehybridi.fi\/kauppa\/index.php?rest_route=%2Fwp%2Fv2%2Fproduct_cat&post=387"},{"taxonomy":"product_tag","embeddable":true,"href":"https:\/\/pistokehybridi.fi\/kauppa\/index.php?rest_route=%2Fwp%2Fv2%2Fproduct_tag&post=387"}],"curies":[{"name":"wp","href":"https:\/\/api.w.org\/{rel}","templated":true}]}}