{"id":434,"date":"2025-06-05T10:42:27","date_gmt":"2025-06-05T10:42:27","guid":{"rendered":"https:\/\/pistokehybridi.fi\/kauppa\/?post_type=product&#038;p=434"},"modified":"2026-01-31T11:21:48","modified_gmt":"2026-01-31T11:21:48","slug":"nissan-leaf-30kwh-akku-kaytetty-kapasiteetti-76","status":"publish","type":"product","link":"https:\/\/pistokehybridi.fi\/kauppa\/?product=nissan-leaf-30kwh-akku-kaytetty-kapasiteetti-76","title":{"rendered":"Nissan Leaf 30kWh akku, K\u00e4ytetty kapasiteetti 69%"},"content":{"rendered":"<p>K\u00e4ytetty Nissan Leaf 30kWh vm. 2016 ajoakku. Kapasiteetti noin 69% ajoakun alkuper\u00e4isest\u00e4 bruttokapasiteetist\u00e4. ohjaimesta (SOH 69%,\u00a0 luettu akun ohjainlaitteesta). Kysy Rahti<\/p>\n","protected":false},"excerpt":{"rendered":"<p>K\u00e4ytetty Nissan Leaf 30kWh vm. 2016 ajoakku. Kapasiteetti noin 69% ajoakun alkuper\u00e4isest\u00e4 bruttokapasiteetist\u00e4. ohjaimesta (SOH 69%,\u00a0 luettu akun ohjainlaitteesta). Kysy Rahti<\/p>\n","protected":false},"featured_media":45,"template":"","meta":{"_kadence_starter_templates_imported_post":false,"_kad_post_transparent":"default","_kad_post_title":"","_kad_post_layout":"default","_kad_post_sidebar_id":"","_kad_post_content_style":"default","_kad_post_vertical_padding":"default","_kad_post_feature":"","_kad_post_feature_position":"","_kad_post_header":false,"_kad_post_footer":false},"product_cat":[18],"product_tag":[],"class_list":{"0":"post-434","1":"product","2":"type-product","3":"status-publish","4":"has-post-thumbnail","6":"product_cat-kokonaiset-kaytetyt-sahkoautojen-ja-hybridien-akut","7":"product_shipping_class-iso-akkulava","9":"first","10":"instock","11":"taxable","12":"shipping-taxable","13":"purchasable","14":"product-type-simple","15":"entry","16":"content-bg","17":"loop-entry"},"_links":{"self":[{"href":"https:\/\/pistokehybridi.fi\/kauppa\/index.php?rest_route=\/wp\/v2\/product\/434","targetHints":{"allow":["GET"]}}],"collection":[{"href":"https:\/\/pistokehybridi.fi\/kauppa\/index.php?rest_route=\/wp\/v2\/product"}],"about":[{"href":"https:\/\/pistokehybridi.fi\/kauppa\/index.php?rest_route=\/wp\/v2\/types\/product"}],"wp:featuredmedia":[{"embeddable":true,"href":"https:\/\/pistokehybridi.fi\/kauppa\/index.php?rest_route=\/wp\/v2\/media\/45"}],"wp:attachment":[{"href":"https:\/\/pistokehybridi.fi\/kauppa\/index.php?rest_route=%2Fwp%2Fv2%2Fmedia&parent=434"}],"wp:term":[{"taxonomy":"product_cat","embeddable":true,"href":"https:\/\/pistokehybridi.fi\/kauppa\/index.php?rest_route=%2Fwp%2Fv2%2Fproduct_cat&post=434"},{"taxonomy":"product_tag","embeddable":true,"href":"https:\/\/pistokehybridi.fi\/kauppa\/index.php?rest_route=%2Fwp%2Fv2%2Fproduct_tag&post=434"}],"curies":[{"name":"wp","href":"https:\/\/api.w.org\/{rel}","templated":true}]}}