{"id":475,"date":"2025-08-04T15:37:28","date_gmt":"2025-08-04T15:37:28","guid":{"rendered":"https:\/\/pistokehybridi.fi\/kauppa\/?post_type=product&#038;p=475"},"modified":"2025-08-04T15:49:52","modified_gmt":"2025-08-04T15:49:52","slug":"jk-smart-bms-8s-24s-80a","status":"publish","type":"product","link":"https:\/\/pistokehybridi.fi\/kauppa\/?product=jk-smart-bms-8s-24s-80a","title":{"rendered":"JK Smart BMS (8S &#8211; 24S) &#8211; 80A"},"content":{"rendered":"<p><strong>Bluetoothin kautta puhelinsovelluksella halllittava monipuolinen akkuhallinta BMS<\/strong><\/p>\n<p>Bluetooth sovelluksesta on valittavissa kennotyyppi ja kaikki mahdolliset parametrit voi kustomoida halutun laisiksi.<br \/>\n0.6A suuruinen aktiivinen balansointivirta kennojen j\u00e4nnitteiden tasapainoitukseen.<\/p>\n<p>T\u00e4m\u00e4 BMS sopii 29.6V (8S) &#8211; 88.8V (24S) Li-Ion akustoillemme, joista halutaan keskisuuria purkuvirtoja aina 80A jatkuvaan tai 150A piikkivirtaan asti. Eli t\u00e4m\u00e4n BMS:n kanssa esim. 88V akustosta saadaan n. 7kW jatkuvaa tehoa ja hetkellisesti jopa n. 13 kW. Sopii my\u00f6s LFP- ja LTO -akuille.<\/p>\n<p>Google Play kaupasta saatavalla k\u00e4nnykk\u00e4sovelluksella s\u00e4\u00e4d\u00e4t parametreja ja tarkkailet akun tilaa (purkuvirta, kokonaisj\u00e4nnite sek\u00e4 yksitt\u00e4isten kennojen j\u00e4nnite, l\u00e4mp\u00f6tila). BMS:ss\u00e4 ss\u00e4 on mahdollista est\u00e4\u00e4 ylilataus tai alipurku s\u00e4\u00e4t\u00e4m\u00e4ll\u00e4 j\u00e4nniterajoja.<\/p>\n<p>Pakkaus sis\u00e4lt\u00e4\u00e4 BMS yksik\u00f6n lis\u00e4ksi:<br \/>\nBalansointikaapelisarja<br \/>\n<span style=\"font-family: var(--global-body-font-family);\">Johdollinen ON \u2013 OFF kytkin<br \/>\n2kpl l\u00e4mp\u00f6anturikaapelia<\/span><\/p>\n<p>Tekniset tiedot:<br \/>\nValmistaja JK<br \/>\nSuurin jatkuva purku\/latausvirta 80A<br \/>\nSuurin hetkellin purku\/latausvirta 150A<br \/>\nBalansointivirta 0-0.6A, s\u00e4\u00e4dett\u00e4viss\u00e4<br \/>\nLatausvirran rajoitus 10-80A, s\u00e4\u00e4dett\u00e4viss\u00e4<br \/>\nKennokohtainen j\u00e4nniteraja (purku\/lataus) 1,2V \u2026 4,35V, s\u00e4\u00e4dett\u00e4viss\u00e4<br \/>\nL\u00e4mp\u00f6tila-antureita: 3 kpl (1 sis\u00e4inen, 2 ulkoista)<br \/>\nL\u00e4mp\u00f6tila- ja oikosulkusuojattu<br \/>\nKommunikointi: BT<br \/>\nSovellus: Android, IOS<\/p>\n","protected":false},"excerpt":{"rendered":"<p>Smart BMS akkuhallinta Litium Ion 3.7V akuille, joita on sarjaan kytkettyn\u00e4 8-24kpl (8-24S), jatkuvan purkuvirran kesto 80A<\/p>\n","protected":false},"featured_media":476,"template":"","meta":{"_kadence_starter_templates_imported_post":false,"_kad_post_transparent":"default","_kad_post_title":"","_kad_post_layout":"default","_kad_post_sidebar_id":"","_kad_post_content_style":"default","_kad_post_vertical_padding":"default","_kad_post_feature":"","_kad_post_feature_position":"","_kad_post_header":false,"_kad_post_footer":false},"product_cat":[30],"product_tag":[],"class_list":{"0":"post-475","1":"product","2":"type-product","3":"status-publish","4":"has-post-thumbnail","6":"product_cat-bms-akkuhallinta","7":"product_shipping_class-pieni-paketti","9":"first","10":"instock","11":"taxable","12":"shipping-taxable","13":"purchasable","14":"product-type-simple","15":"entry","16":"content-bg","17":"loop-entry"},"_links":{"self":[{"href":"https:\/\/pistokehybridi.fi\/kauppa\/index.php?rest_route=\/wp\/v2\/product\/475","targetHints":{"allow":["GET"]}}],"collection":[{"href":"https:\/\/pistokehybridi.fi\/kauppa\/index.php?rest_route=\/wp\/v2\/product"}],"about":[{"href":"https:\/\/pistokehybridi.fi\/kauppa\/index.php?rest_route=\/wp\/v2\/types\/product"}],"wp:featuredmedia":[{"embeddable":true,"href":"https:\/\/pistokehybridi.fi\/kauppa\/index.php?rest_route=\/wp\/v2\/media\/476"}],"wp:attachment":[{"href":"https:\/\/pistokehybridi.fi\/kauppa\/index.php?rest_route=%2Fwp%2Fv2%2Fmedia&parent=475"}],"wp:term":[{"taxonomy":"product_cat","embeddable":true,"href":"https:\/\/pistokehybridi.fi\/kauppa\/index.php?rest_route=%2Fwp%2Fv2%2Fproduct_cat&post=475"},{"taxonomy":"product_tag","embeddable":true,"href":"https:\/\/pistokehybridi.fi\/kauppa\/index.php?rest_route=%2Fwp%2Fv2%2Fproduct_tag&post=475"}],"curies":[{"name":"wp","href":"https:\/\/api.w.org\/{rel}","templated":true}]}}