{"id":50,"date":"2023-08-12T05:12:31","date_gmt":"2023-08-12T05:12:31","guid":{"rendered":"https:\/\/pistokehybridi.fi\/?post_type=product&#038;p=50"},"modified":"2026-03-29T07:11:51","modified_gmt":"2026-03-29T07:11:51","slug":"bluesun-bse10kh3-10kw-kolmivaiheinen-hybridi-invertteri","status":"publish","type":"product","link":"https:\/\/pistokehybridi.fi\/kauppa\/?product=bluesun-bse10kh3-10kw-kolmivaiheinen-hybridi-invertteri","title":{"rendered":"Bluesun BSE10KH3 10kW kolmivaiheinen hybridi-invertteri"},"content":{"rendered":"<p>DEMO<br \/>\nBluesun BSE10KH3 10kW kolmivaiheinen hybridi-invertteri<br \/>\n3 phase 380VAC 50HZ with WIFI monitor +CT built in MPPT controller 530X200X560mm<\/p>\n<p>Sis\u00e4lt\u00e4\u00e4 my\u00f6s agrekaattiliit\u00e4nn\u00e4n ja erillisen kolmevaiheisen liit\u00e4nn\u00e4n offgrid -k\u00e4ytt\u00f6\u00f6n.<\/p>\n","protected":false},"excerpt":{"rendered":"<p>DEMO Bluesun BSE10KH3 10kW kolmivaiheinen hybridi-invertteri 3 phase 380VAC 50HZ with WIFI monitor +CT built in MPPT controller 530X200X560mm Sis\u00e4lt\u00e4\u00e4 my\u00f6s agrekaattiliit\u00e4nn\u00e4n ja erillisen kolmevaiheisen liit\u00e4nn\u00e4n offgrid -k\u00e4ytt\u00f6\u00f6n.<\/p>\n","protected":false},"featured_media":48,"template":"","meta":{"_kadence_starter_templates_imported_post":false,"_kad_post_transparent":"default","_kad_post_title":"","_kad_post_layout":"default","_kad_post_sidebar_id":"","_kad_post_content_style":"default","_kad_post_vertical_padding":"default","_kad_post_feature":"","_kad_post_feature_position":"","_kad_post_header":false,"_kad_post_footer":false},"product_cat":[19],"product_tag":[],"class_list":{"0":"post-50","1":"product","2":"type-product","3":"status-publish","4":"has-post-thumbnail","6":"product_cat-hybridi-invertterit","8":"first","9":"instock","10":"sale","11":"taxable","12":"shipping-taxable","13":"purchasable","14":"product-type-simple","15":"entry","16":"content-bg","17":"loop-entry"},"_links":{"self":[{"href":"https:\/\/pistokehybridi.fi\/kauppa\/index.php?rest_route=\/wp\/v2\/product\/50","targetHints":{"allow":["GET"]}}],"collection":[{"href":"https:\/\/pistokehybridi.fi\/kauppa\/index.php?rest_route=\/wp\/v2\/product"}],"about":[{"href":"https:\/\/pistokehybridi.fi\/kauppa\/index.php?rest_route=\/wp\/v2\/types\/product"}],"wp:featuredmedia":[{"embeddable":true,"href":"https:\/\/pistokehybridi.fi\/kauppa\/index.php?rest_route=\/wp\/v2\/media\/48"}],"wp:attachment":[{"href":"https:\/\/pistokehybridi.fi\/kauppa\/index.php?rest_route=%2Fwp%2Fv2%2Fmedia&parent=50"}],"wp:term":[{"taxonomy":"product_cat","embeddable":true,"href":"https:\/\/pistokehybridi.fi\/kauppa\/index.php?rest_route=%2Fwp%2Fv2%2Fproduct_cat&post=50"},{"taxonomy":"product_tag","embeddable":true,"href":"https:\/\/pistokehybridi.fi\/kauppa\/index.php?rest_route=%2Fwp%2Fv2%2Fproduct_tag&post=50"}],"curies":[{"name":"wp","href":"https:\/\/api.w.org\/{rel}","templated":true}]}}