{"id":522,"date":"2025-12-27T13:42:14","date_gmt":"2025-12-27T13:42:14","guid":{"rendered":"https:\/\/pistokehybridi.fi\/kauppa\/?post_type=product&#038;p=522"},"modified":"2026-03-30T16:32:27","modified_gmt":"2026-03-30T16:32:27","slug":"electway-v2l-virran-ulostulo-invertteri-chademo-pistokkeella-autoille-230v-16a","status":"publish","type":"product","link":"https:\/\/pistokehybridi.fi\/kauppa\/?product=electway-v2l-virran-ulostulo-invertteri-chademo-pistokkeella-autoille-230v-16a","title":{"rendered":"Electway V2L virran ulostulo invertteri Chademo pistokkeella autoille 230V-16A"},"content":{"rendered":"<p><strong>Elevtway on julkaissut uuden V2L -virran ulostuloinvertterin Chademo pistokkeella NIssan Leaf ja Mitsubishi Outlander Phev -autoille!<\/strong><\/p>\n<p>Huom- invertteri toimii ainoastaan Nissan Leaf 2013 &#8211; 2024, Nissan e-NV200 pakettiautoissa sek\u00e4 Mitsubishi Outlander Phev\u00a0 2013 &#8211; 2022 autoissa. N\u00e4iss\u00e4 autoissa on Chademo liit\u00e4nn\u00e4ss\u00e4 suora standardin mukainen tuki V2L -ulostulolle. Invertteriss\u00e4 on kaksi EU -standardin mukaista shuko -pistoketta. V2L -invertterill\u00e4 tuot verkkovirran esim. m\u00f6kille tai muuhun paikkaan miss\u00e4 tarvitset tehoa vaativia verkkovirtalaitteita. Invertteri toimitetaan pehme\u00e4ss\u00e4 kantolaukussa.<\/p>\n<p>Chademo -pikalatausliittimen standardi tarjoaa DC -virran ulostulon mutta ei AC-ulostuloa suoraan ilman invertteri\u00e4.<\/p>\n<p>Tekniset tiedot:<\/p>\n<p>&#8211; AC ulostulo 230V\/16A\/50Hz, 3.5kW puhdas siniaalto, kaksi shuko -pistoketta joista yhteens\u00e4 voi ottaa kuormaa 3.5kW<br \/>\n&#8211; Mitat: 327x175x153mm<br \/>\n&#8211; Paino 4kg<br \/>\n&#8211; Input kaapeli, Chademo kahvalla<br \/>\n&#8211; Input j\u00e4nnitesuojaus<br \/>\n&#8211; Output AC suojattu ylikuormalta, ylij\u00e4nnitteelt\u00e4, ylikuumenemiselta ja oikosululta<br \/>\n&#8211; Pehme\u00e4 kantolaukku<br \/>\n&#8211; CE-merkitty<br \/>\n&#8211; Valmistaja: Electway Technology Co<br \/>\n&#8211; Takuu 12kk<\/p>\n","protected":false},"excerpt":{"rendered":"<p>V2L virran ulostulo invertteri tarjoaa\u00a0 virran ulosoton Chademo liit\u00e4nn\u00e4st\u00e4 Nissan Leaf 2013-2024, Nissan e-NV200 sek\u00e4 Mitsubishi Outlander Phev 2013-2022 autoille.<\/p>\n","protected":false},"featured_media":523,"template":"","meta":{"_kadence_starter_templates_imported_post":false,"_kad_post_transparent":"default","_kad_post_title":"","_kad_post_layout":"default","_kad_post_sidebar_id":"","_kad_post_content_style":"default","_kad_post_vertical_padding":"default","_kad_post_feature":"","_kad_post_feature_position":"","_kad_post_header":false,"_kad_post_footer":false},"product_cat":[29],"product_tag":[],"class_list":{"0":"post-522","1":"product","2":"type-product","3":"status-publish","4":"has-post-thumbnail","6":"product_cat-latauslaitteet","7":"product_shipping_class-20kg-paketti","9":"first","10":"instock","11":"taxable","12":"shipping-taxable","13":"purchasable","14":"product-type-simple","15":"entry","16":"content-bg","17":"loop-entry"},"_links":{"self":[{"href":"https:\/\/pistokehybridi.fi\/kauppa\/index.php?rest_route=\/wp\/v2\/product\/522","targetHints":{"allow":["GET"]}}],"collection":[{"href":"https:\/\/pistokehybridi.fi\/kauppa\/index.php?rest_route=\/wp\/v2\/product"}],"about":[{"href":"https:\/\/pistokehybridi.fi\/kauppa\/index.php?rest_route=\/wp\/v2\/types\/product"}],"wp:featuredmedia":[{"embeddable":true,"href":"https:\/\/pistokehybridi.fi\/kauppa\/index.php?rest_route=\/wp\/v2\/media\/523"}],"wp:attachment":[{"href":"https:\/\/pistokehybridi.fi\/kauppa\/index.php?rest_route=%2Fwp%2Fv2%2Fmedia&parent=522"}],"wp:term":[{"taxonomy":"product_cat","embeddable":true,"href":"https:\/\/pistokehybridi.fi\/kauppa\/index.php?rest_route=%2Fwp%2Fv2%2Fproduct_cat&post=522"},{"taxonomy":"product_tag","embeddable":true,"href":"https:\/\/pistokehybridi.fi\/kauppa\/index.php?rest_route=%2Fwp%2Fv2%2Fproduct_tag&post=522"}],"curies":[{"name":"wp","href":"https:\/\/api.w.org\/{rel}","templated":true}]}}