{"id":526,"date":"2025-12-27T20:37:27","date_gmt":"2025-12-27T20:37:27","guid":{"rendered":"https:\/\/pistokehybridi.fi\/kauppa\/?post_type=product&#038;p=526"},"modified":"2025-12-27T21:10:17","modified_gmt":"2025-12-27T21:10:17","slug":"toyota-400v-dc-kontaktoriyksikko-kaytetty","status":"publish","type":"product","link":"https:\/\/pistokehybridi.fi\/kauppa\/?product=toyota-400v-dc-kontaktoriyksikko-kaytetty","title":{"rendered":"Toyota 400V\/150A DC-kontaktoriyksikk\u00f6, k\u00e4ytetty"},"content":{"rendered":"<p>400V DC kontaktorit 3kpl ja DC 200A virtaanturi.<br \/>\nToyota 400V DC kontaktoriyksikk\u00f6 sis\u00e4lt\u00e4\u00e4 laadukkaan plus ja miinusjohtimen Denso kontaktorin (max. DC 400V\/150A) 12-15V VCD ohjauksella sek\u00e4 pienemm\u00e4n Denso esikontaktorin joka on kytketty sarjaan 300Ohm tehovastuksen kanssa. Lis\u00e4ksi yksikk\u00f6 sis\u00e4lt\u00e4\u00e4 silmukka DC -virta-anturin -200A (lataus) &#8211; 200A (purku) (5V).<br \/>\nOsat ovat irroitettavissa yksik\u00f6st\u00e4 tai niit\u00e4 voi k\u00e4ytt\u00e4\u00e4 yksik\u00f6ss\u00e4. Sopii esim. energiavarastoj\u00e4rjestelmiin. Plus ja miinus -liit\u00e4nt\u00e4 akusta 5mm pulttiliitoksella ja l\u00e4ht\u00f6 isolla Abiko -tyyppisell\u00e4 liittimell\u00e4.<\/p>\n","protected":false},"excerpt":{"rendered":"<p>400V DC kontaktorit 3kpl ja DC 200A virtaanturi. Toyota 400V DC kontaktoriyksikk\u00f6 sis\u00e4lt\u00e4\u00e4 laadukkaan plus ja miinusjohtimen Denso kontaktorin (max. DC 400V\/150A) 12-15V VCD ohjauksella sek\u00e4 pienemm\u00e4n Denso esikontaktorin joka on kytketty sarjaan 300Ohm tehovastuksen kanssa. Lis\u00e4ksi yksikk\u00f6 sis\u00e4lt\u00e4\u00e4 silmukka DC -virta-anturin -200A (lataus) &#8211; 200A (purku) (5V). Osat ovat irroitettavissa yksik\u00f6st\u00e4 tai niit\u00e4 voi&#8230;<\/p>\n","protected":false},"featured_media":527,"template":"","meta":{"_kadence_starter_templates_imported_post":false,"_kad_post_transparent":"default","_kad_post_title":"","_kad_post_layout":"default","_kad_post_sidebar_id":"","_kad_post_content_style":"default","_kad_post_vertical_padding":"default","_kad_post_feature":"","_kad_post_feature_position":"","_kad_post_header":false,"_kad_post_footer":false},"product_cat":[17],"product_tag":[],"class_list":{"0":"post-526","1":"product","2":"type-product","3":"status-publish","4":"has-post-thumbnail","6":"product_cat-sahkoautojen-osat","7":"product_shipping_class-pieni-paketti","9":"first","10":"instock","11":"taxable","12":"shipping-taxable","13":"purchasable","14":"product-type-simple","15":"entry","16":"content-bg","17":"loop-entry"},"_links":{"self":[{"href":"https:\/\/pistokehybridi.fi\/kauppa\/index.php?rest_route=\/wp\/v2\/product\/526","targetHints":{"allow":["GET"]}}],"collection":[{"href":"https:\/\/pistokehybridi.fi\/kauppa\/index.php?rest_route=\/wp\/v2\/product"}],"about":[{"href":"https:\/\/pistokehybridi.fi\/kauppa\/index.php?rest_route=\/wp\/v2\/types\/product"}],"wp:featuredmedia":[{"embeddable":true,"href":"https:\/\/pistokehybridi.fi\/kauppa\/index.php?rest_route=\/wp\/v2\/media\/527"}],"wp:attachment":[{"href":"https:\/\/pistokehybridi.fi\/kauppa\/index.php?rest_route=%2Fwp%2Fv2%2Fmedia&parent=526"}],"wp:term":[{"taxonomy":"product_cat","embeddable":true,"href":"https:\/\/pistokehybridi.fi\/kauppa\/index.php?rest_route=%2Fwp%2Fv2%2Fproduct_cat&post=526"},{"taxonomy":"product_tag","embeddable":true,"href":"https:\/\/pistokehybridi.fi\/kauppa\/index.php?rest_route=%2Fwp%2Fv2%2Fproduct_tag&post=526"}],"curies":[{"name":"wp","href":"https:\/\/api.w.org\/{rel}","templated":true}]}}