{"id":574,"date":"2026-03-30T17:50:26","date_gmt":"2026-03-30T17:50:26","guid":{"rendered":"https:\/\/pistokehybridi.fi\/kauppa\/?post_type=product&#038;p=574"},"modified":"2026-04-01T12:46:31","modified_gmt":"2026-04-01T12:46:31","slug":"nissan-leaf-yhteensopiva-obd2-sovitin","status":"publish","type":"product","link":"https:\/\/pistokehybridi.fi\/kauppa\/?product=nissan-leaf-yhteensopiva-obd2-sovitin","title":{"rendered":"Nissan Leaf yhteensopiva OBD2 -sovitin"},"content":{"rendered":"<p>T\u00e4m\u00e4 OBD2 -sovitin on Nissan Leaf (2011-2024) ja Nissan e-NV200 yhteensopiva ja toimii hyvin puhelimelle ladattavan Leaf Spy Pro -ohjelman kanssa.<br \/>\nBluetooth LE (BLE) yhteensopova<br \/>\nAndroid ja IOS<\/p>\n<p>Leaf Spy Pro -ohjelmalla voit katsoa Nissan Leaf\u00a0 ajoakun kunnon ohjainlaitteelta kuten SOH, akun kapasiteetin Ahr, akun sis\u00e4isen vastuksen HX\u00a0 ja akun hidas ja pikalatausm\u00e4\u00e4r\u00e4t ja seurata akun monia parametrej\u00e4 ajon aikana kuten mm. varaustasoa, kennoj\u00e4nnitteit\u00e4 ja l\u00e4mp\u00f6tiloja.<\/p>\n<p>Osta Leaf Spy Pro -ohjelma puhelimeesi Google Play tai Apple App Store -kaupasta.<\/p>\n","protected":false},"excerpt":{"rendered":"<p>OBD2 adapteri Nissan Leaf ja e-NV200 autoille.<\/p>\n","protected":false},"featured_media":575,"template":"","meta":{"_kadence_starter_templates_imported_post":false,"_kad_post_transparent":"default","_kad_post_title":"","_kad_post_layout":"default","_kad_post_sidebar_id":"","_kad_post_content_style":"default","_kad_post_vertical_padding":"default","_kad_post_feature":"","_kad_post_feature_position":"","_kad_post_header":false,"_kad_post_footer":false},"product_cat":[31],"product_tag":[],"class_list":{"0":"post-574","1":"product","2":"type-product","3":"status-publish","4":"has-post-thumbnail","6":"product_cat-obd2-ajoakun-mittaus","7":"product_shipping_class-kirje-paketti","9":"first","10":"instock","11":"taxable","12":"shipping-taxable","13":"purchasable","14":"product-type-simple","15":"entry","16":"content-bg","17":"loop-entry"},"_links":{"self":[{"href":"https:\/\/pistokehybridi.fi\/kauppa\/index.php?rest_route=\/wp\/v2\/product\/574","targetHints":{"allow":["GET"]}}],"collection":[{"href":"https:\/\/pistokehybridi.fi\/kauppa\/index.php?rest_route=\/wp\/v2\/product"}],"about":[{"href":"https:\/\/pistokehybridi.fi\/kauppa\/index.php?rest_route=\/wp\/v2\/types\/product"}],"wp:featuredmedia":[{"embeddable":true,"href":"https:\/\/pistokehybridi.fi\/kauppa\/index.php?rest_route=\/wp\/v2\/media\/575"}],"wp:attachment":[{"href":"https:\/\/pistokehybridi.fi\/kauppa\/index.php?rest_route=%2Fwp%2Fv2%2Fmedia&parent=574"}],"wp:term":[{"taxonomy":"product_cat","embeddable":true,"href":"https:\/\/pistokehybridi.fi\/kauppa\/index.php?rest_route=%2Fwp%2Fv2%2Fproduct_cat&post=574"},{"taxonomy":"product_tag","embeddable":true,"href":"https:\/\/pistokehybridi.fi\/kauppa\/index.php?rest_route=%2Fwp%2Fv2%2Fproduct_tag&post=574"}],"curies":[{"name":"wp","href":"https:\/\/api.w.org\/{rel}","templated":true}]}}