{"id":579,"date":"2026-04-10T16:53:36","date_gmt":"2026-04-10T16:53:36","guid":{"rendered":"https:\/\/pistokehybridi.fi\/kauppa\/?post_type=product&#038;p=579"},"modified":"2026-04-10T17:03:24","modified_gmt":"2026-04-10T17:03:24","slug":"electway-ccs-chademo-adapteri-v2l-virran-ulostulo-invertteri-bundle","status":"publish","type":"product","link":"https:\/\/pistokehybridi.fi\/kauppa\/?product=electway-ccs-chademo-adapteri-v2l-virran-ulostulo-invertteri-bundle","title":{"rendered":"Electway CCS &#8211; CHAdeMO -adapteri V2L virran ulostulo invertteri BUNDLE"},"content":{"rendered":"<p>Electway CCS2 &#8211; CHAdeMO -adapteri Chademo pikalatausliit\u00e4nn\u00e4ll\u00e4 varustettuihin s\u00e4hk\u00f6autoihin mahdollistaa auton pikalatauksen CCS2 -pikalatausasemilla!<br \/>\nTeimme toukokuussa 2024 testej\u00e4 yhdess\u00e4 Electwayn insin\u00f6\u00f6rin kanssa Suomessa useilla eri latausasemilla eri Nissan Leaf -versioilla sek\u00e4 mm. Mitsubishi Outlander Phev -autoilla. Se\u00a0tukee jopa 200kW pikalatausta autoissa miss\u00e4 on yli 50kW lataustehon tuki.<\/p>\n<p>Adapteri mahdollistaa CHAdeMO -pikalausliit\u00e4nt\u00e4\u00e4 k\u00e4ytt\u00e4ville s\u00e4hk\u00f6autoille mahdollisuuden hy\u00f6dynt\u00e4\u00e4 CCS2 -pikalatureita paikoissa miss\u00e4 CHAdeMO -latausmahdollisuutta ei ole. Chademo pikalatureita ei en\u00e4\u00e4 juuri asenneta uusia ja monia Chademo -latauspisteit\u00e4 on poistettu k\u00e4yt\u00f6st\u00e4. Adapterin hankkiminen my\u00f6s parantaa auton j\u00e4lleenmyyntiarvoa. Lis\u00e4ksi latausteho paranee, koska adapteri mahdollistaa jopa 200kW lataustehon, kun taas CHAdeMO-asemat ovat useimmiten 50kW:n tehoisia. Esim. Nissan Leaf 62kWh Tekna ja N-Connecta -malleissa maksimilatausteho on 80kW.<\/p>\n<p>Adapteri toimitetaan kest\u00e4v\u00e4ss\u00e4\u00a0 Pelicase tyyppisess\u00e4 kuljetussalkussa, mik\u00e4 sis\u00e4lt\u00e4\u00e4 USB-C adapterikaapelin ja 5m latauskaapelin my\u00f6s auton tupakansytyttimeen. Adapterin akun voi ladata tarvittaessa tupakansytyttimeen tulevalla kaapelilla tai USB-C liit\u00e4nn\u00e4st\u00e4.<br \/>\nAdapterin mukana toimitetaan my\u00f6s kumitulpat CCS2- ja Chademo -liittimien suojaksi.<\/p>\n<p>Electway CCS2 &#8211; CHAdeMO adapteri tukee l\u00e4hes kaikkia CHAdeMO -standardilla lataavia s\u00e4hk\u00f6autoja ja useimpia CCS2 -latureita. Valmistaja tarjoaa adapteriin ohjelmistop\u00e4ivitykset veloituksetta. Adapteri toimitetaan aina uusimmalla ohjelmistop\u00e4ivityksell\u00e4.<\/p>\n<p>Olemme myyneet jo yli 100 Electway latausadapteria Suomeen. Hoidamme p\u00e4ivitykset nopeasti ja l\u00e4het\u00e4mme asiakkaille s\u00e4hk\u00f6postin mik\u00e4li adapteriin tarvitaan ohjelmistop\u00e4ivitys.<\/p>\n<p>Kauttamme saat adapterin edullisesti ja tarjoamme sille laajennetun 24kk takuun. Ostajalla on 14pv palautusoikeus, mik\u00e4li adapteri ei toimi autossasi.<\/p>\n<h3>Tekniset tiedot:<\/h3>\n<p>&#8211; Cable side: CCS 2 (IEC62196-3)<br \/>\n&#8211; Car side: CHAdeMO (1.0 ja 1.2), Electway on Chademo association member<br \/>\n&#8211; Rated Voltage &amp; current: Max. 600V DC &amp; 125A (nominal) Max. 250A<br \/>\n&#8211; Suojausluokka IP54<br \/>\n&#8211; Paino 2.3kg<br \/>\n&#8211; Suojaresistanssi &gt; 1000M\u03a9<br \/>\n&#8211; Frame-redultant Rating: Ul94 V-0<br \/>\n&#8211; P\u00e4ivitys: USB-C -v\u00e4yl\u00e4n avulla<br \/>\n&#8211; K\u00e4ytt\u00f6l\u00e4mp\u00f6tila -20 &#8211; +45 astetta<br \/>\n&#8211; CE-merkitty<br \/>\n&#8211; Valmistaja: <a href=\"https:\/\/www.electway-charger.com\/\">Electway Technology Co<\/a><br \/>\n&#8211; Laajennettu takuu 24kk kauttamme<br \/>\n&#8211; Suomalaisena maahantuojana saat my\u00f6s tuotetuen Suomesta. K\u00e4yt\u00e4mme my\u00f6s itse adapteria. Nissan Leaf -akkuhuoltojen asiantuntijaliikkeen\u00e4 saat kauttamme kattavaa palvelua. Adapterin omistajana saat my\u00f6s Leafin akkuhuoltoon alennusta.<\/p>\n<p>Lis\u00e4tietoa adapterin p\u00e4ivityksist\u00e4 ja k\u00e4ytt\u00f6ohjeet <a href=\"https:\/\/pistokehybridi.fi\/ccs-chademo-adapteri.html\"><strong>tuotteen info -sivuilta<\/strong><\/a><\/p>\n<p>Electway CCS2 &#8211; CHAdeMO -adapteri tukee mm. seuraavia automalleja:<br \/>\nNissan Leaf 2012-2024, e-NV200, Mitsubishi Outlander Phev, Eclipse Cross Phev, iMiev, Kia Soul EV (2019 saakka), Tesla Model S\/X (chademo adapterilla varustetut mallit), Lexus UX300e, Xpeng G3 2020, lis\u00e4ksi tuontiautoina tuotuja monia Aasian malleja.<\/p>\n<p>Electway CCS2 &#8211; CHAdeMO -adapteri toimii useimpien suurnopeuslaturivalmistajien pikalatureilla, mm. Kempower (mm. ABC lataus, Neste lataus, ST1 lataus, K-lataus), Delta (mm. K-lataus), ABB (mm. Lidl lataus, K-lataus), Siemens (mm. K-lataus), Tesla (uudemmat Tesla asemat), Ionity.<br \/>\nLis\u00e4ksi muita testattuja pikalatausasemien valmistajien latureita ovat mm. Evolt, Ekoenergetyka, Enefit, Wenea, EnerCharge, BTC Power, Gridserve, Circontrol, Alpitronic, EV-Ultra, TotalEnergies ja Tritium.<\/p>\n<p><strong>Elevtway\u00a0 V2L -virran ulostuloinvertteri NIssan Leaf ja Mitsubishi Outlander Phev -autoille!<\/strong><\/p>\n<p><strong>Huom t\u00e4m\u00e4 invertteri vaatii toimiakseen\u00a0<a href=\"https:\/\/pistokehybridi.fi\/kauppa\/?product=ccs-chademo-adapteri\">Electway CCS2 \u2013 Chademo -adapterin<\/a>, johon se kytket\u00e4\u00e4n type 2 -liit\u00e4nt\u00e4kaapelilla.<br \/>\n<\/strong>Invertteri toimii ainoastaan Nissan Leaf 2013 \u2013 2024 autoissa sek\u00e4 Mitsubishi Outlander Phev\u00a0 2013 \u2013 2022 autoissa. Invertteriss\u00e4 on kaksi EU -standardin mukaista shuko -pistoketta. V2L -invertterill\u00e4 tuot verkkovirran esim. m\u00f6kille tai muuhun paikkaan miss\u00e4 tarvitset tehoa vaativia verkkovirtalaitteita. Invertteri toimitetaan pehme\u00e4ss\u00e4 kantolaukussa.<\/p>\n<p>Vaikka invertteriss\u00e4 on Type 2 AC -latausliitin, sill\u00e4 ei saa virran ulostuloa millek\u00e4\u00e4n autolle jossa on suoraan Type 2 AC-latausliitin.<br \/>\nChademo -pikalatausliittimen standardi tarjoaa DC -virran ulostulon mutta ei AC-ulostuloa suoraan.<\/p>\n<h3>Tekniset tiedot:<\/h3>\n<p>\u2013 AC ulostulo 230V\/16A\/50Hz, 3.5kW puhdas siniaalto, kaksi shuko -pistoketta joista yhteens\u00e4 voi ottaa kuormaa 3.5kW<br \/>\n\u2013 Mitat: 327x175x153mm<br \/>\n\u2013 Paino 4kg<br \/>\n\u2013 Input kaapeli, Type 2 -liittimell\u00e4 (kytket\u00e4\u00e4n\u00a0<a href=\"https:\/\/pistokehybridi.fi\/kauppa\/?product=ccs-chademo-adapteri\">Electway CCS2 \u2013 Chademo adapteriin<\/a>, mik\u00e4\u00a0vaaditaan jotta laite toimii)<br \/>\n\u2013 Input j\u00e4nnitesuojaus<br \/>\n\u2013 Output AC suojattu ylikuormalta, ylij\u00e4nnitteelt\u00e4, ylikuumenemiselta ja oikosululta<br \/>\n\u2013 Pehme\u00e4 kantolaukku<br \/>\n\u2013 CE-merkitty<br \/>\n\u2013 Valmistaja: Electway Technology Co<br \/>\n\u2013 Takuu 12kk<\/p>\n<p><a href=\"https:\/\/pistokehybridi.fi\/kauppa\/?product=electway-v2l-3-6kw-virran-ulostulo-invertteri-chademo-pikalatausliitannalla-varustetuille-autoille\"><img fetchpriority=\"high\" decoding=\"async\" class=\"alignnone wp-image-353\" src=\"https:\/\/pistokehybridi.fi\/kauppa\/wp-content\/uploads\/2025\/03\/8698d237d7f83faacebcd34da592c7f.png\" alt=\"\" width=\"500\" height=\"281\" \/><\/a><\/p>\n<p><img decoding=\"async\" class=\"alignnone wp-image-107 size-large\" src=\"https:\/\/pistokehybridi.fi\/kauppa\/wp-content\/uploads\/2024\/05\/ccs-chademo-adapteri-tesla-laturilla-768x1024.jpg\" alt=\"\" width=\"768\" height=\"1024\" srcset=\"https:\/\/pistokehybridi.fi\/kauppa\/wp-content\/uploads\/2024\/05\/ccs-chademo-adapteri-tesla-laturilla-768x1024.jpg 768w, https:\/\/pistokehybridi.fi\/kauppa\/wp-content\/uploads\/2024\/05\/ccs-chademo-adapteri-tesla-laturilla-225x300.jpg 225w, https:\/\/pistokehybridi.fi\/kauppa\/wp-content\/uploads\/2024\/05\/ccs-chademo-adapteri-tesla-laturilla-1152x1536.jpg 1152w, https:\/\/pistokehybridi.fi\/kauppa\/wp-content\/uploads\/2024\/05\/ccs-chademo-adapteri-tesla-laturilla-600x800.jpg 600w, https:\/\/pistokehybridi.fi\/kauppa\/wp-content\/uploads\/2024\/05\/ccs-chademo-adapteri-tesla-laturilla.jpg 1500w\" sizes=\"(max-width: 768px) 100vw, 768px\" \/><\/p>\n<p><img decoding=\"async\" class=\"alignnone wp-image-124 size-large\" src=\"https:\/\/pistokehybridi.fi\/kauppa\/wp-content\/uploads\/2024\/05\/ccs-chademo-adapterilaukku-3-768x1024.jpg\" alt=\"CCS-chademo adapteri kantolaukussa, sis\u00e4t\u00e4\u00e4 my\u00f6ls USB-adapterin ja kaapelin tupakansytyttimeen\" width=\"768\" height=\"1024\" srcset=\"https:\/\/pistokehybridi.fi\/kauppa\/wp-content\/uploads\/2024\/05\/ccs-chademo-adapterilaukku-3-768x1024.jpg 768w, https:\/\/pistokehybridi.fi\/kauppa\/wp-content\/uploads\/2024\/05\/ccs-chademo-adapterilaukku-3-225x300.jpg 225w, https:\/\/pistokehybridi.fi\/kauppa\/wp-content\/uploads\/2024\/05\/ccs-chademo-adapterilaukku-3-1152x1536.jpg 1152w, https:\/\/pistokehybridi.fi\/kauppa\/wp-content\/uploads\/2024\/05\/ccs-chademo-adapterilaukku-3-600x800.jpg 600w, https:\/\/pistokehybridi.fi\/kauppa\/wp-content\/uploads\/2024\/05\/ccs-chademo-adapterilaukku-3.jpg 1500w\" sizes=\"(max-width: 768px) 100vw, 768px\" \/><\/p>\n","protected":false},"excerpt":{"rendered":"<p>CCS &#8211; CHAdeMO -adapteri mahdollistaa CHAdeMO -pikalausliit\u00e4nt\u00e4\u00e4 k\u00e4ytt\u00e4ville s\u00e4hk\u00f6autoille mahdollisuuden hy\u00f6dynt\u00e4\u00e4 CCS2 -pikalatureita.<br \/>\nBundlessa mukana 3.5kW V2L -invertteri joka kytket\u00e4\u00e4n latausadapteriin virran ulosottoa varten!<\/p>\n","protected":false},"featured_media":332,"template":"","meta":{"_kadence_starter_templates_imported_post":false,"_kad_post_transparent":"default","_kad_post_title":"","_kad_post_layout":"default","_kad_post_sidebar_id":"","_kad_post_content_style":"default","_kad_post_vertical_padding":"default","_kad_post_feature":"","_kad_post_feature_position":"","_kad_post_header":false,"_kad_post_footer":false},"product_cat":[29],"product_tag":[],"class_list":{"0":"post-579","1":"product","2":"type-product","3":"status-publish","4":"has-post-thumbnail","6":"product_cat-latauslaitteet","7":"product_shipping_class-pienin-paketti","9":"first","10":"onbackorder","11":"sale","12":"taxable","13":"shipping-taxable","14":"purchasable","15":"product-type-simple","16":"entry","17":"content-bg","18":"loop-entry"},"_links":{"self":[{"href":"https:\/\/pistokehybridi.fi\/kauppa\/index.php?rest_route=\/wp\/v2\/product\/579","targetHints":{"allow":["GET"]}}],"collection":[{"href":"https:\/\/pistokehybridi.fi\/kauppa\/index.php?rest_route=\/wp\/v2\/product"}],"about":[{"href":"https:\/\/pistokehybridi.fi\/kauppa\/index.php?rest_route=\/wp\/v2\/types\/product"}],"wp:featuredmedia":[{"embeddable":true,"href":"https:\/\/pistokehybridi.fi\/kauppa\/index.php?rest_route=\/wp\/v2\/media\/332"}],"wp:attachment":[{"href":"https:\/\/pistokehybridi.fi\/kauppa\/index.php?rest_route=%2Fwp%2Fv2%2Fmedia&parent=579"}],"wp:term":[{"taxonomy":"product_cat","embeddable":true,"href":"https:\/\/pistokehybridi.fi\/kauppa\/index.php?rest_route=%2Fwp%2Fv2%2Fproduct_cat&post=579"},{"taxonomy":"product_tag","embeddable":true,"href":"https:\/\/pistokehybridi.fi\/kauppa\/index.php?rest_route=%2Fwp%2Fv2%2Fproduct_tag&post=579"}],"curies":[{"name":"wp","href":"https:\/\/api.w.org\/{rel}","templated":true}]}}