{"id":580,"date":"2026-04-10T17:10:08","date_gmt":"2026-04-10T17:10:08","guid":{"rendered":"https:\/\/pistokehybridi.fi\/kauppa\/?post_type=product&#038;p=580"},"modified":"2026-04-10T17:40:09","modified_gmt":"2026-04-10T17:40:09","slug":"panasonic-li-ion-nmc-12s-akkumoduuli-25ah-11kwh-kaytetty","status":"publish","type":"product","link":"https:\/\/pistokehybridi.fi\/kauppa\/?product=panasonic-li-ion-nmc-12s-akkumoduuli-25ah-11kwh-kaytetty","title":{"rendered":"Panasonic Li-Ion NMC 12S akkumoduuli 25Ah 1,1kWh k\u00e4ytetty"},"content":{"rendered":"<p>Moduuli sis\u00e4lt\u00e4\u00e4 12kpl sarjaankytketty\u00e4 Panasonic li-ion prismatic akkukennoa kehikossa, K\u00e4ytetty. Ei autok\u00e4ytt\u00f6\u00f6n.<br \/>\nVakiona olevan BMS -piirikortin voi poistaa ja korvata vaikka JK-BMS akkuhallintamoduulilla.<\/p>\n<p>Nominal Capacity new: 25Ah<br \/>\nTested Capacity: 22.5Ah<br \/>\nNominal Voltage: 44.4v<br \/>\nMax voltage: 49,2v<br \/>\nMin voltage: 37v<br \/>\nMax discharge rate (10 secs): 200a<br \/>\nMax discharge rate (3 secs) 300a<br \/>\nLength: 370mm<br \/>\nWidth: 160mm<br \/>\nHeight: 110mm<br \/>\nWeight: 8KG<\/p>\n<p>&nbsp;<\/p>\n","protected":false},"excerpt":{"rendered":"<p>Moduuli sis\u00e4lt\u00e4\u00e4 12kpl sarjaankytketty\u00e4 Panasonic li-ion prismatic akkukennoa kehikossa, K\u00e4ytetty. Ei autok\u00e4ytt\u00f6\u00f6n. Vakiona olevan BMS -piirikortin voi poistaa ja korvata vaikka JK-BMS akkuhallintamoduulilla. Nominal Capacity new: 25Ah Tested Capacity: 22.5Ah Nominal Voltage: 44.4v Max voltage: 49,2v Min voltage: 37v Max discharge rate (10 secs): 200a Max discharge rate (3 secs) 300a Length: 370mm Width: 160mm&#8230;<\/p>\n","protected":false},"featured_media":581,"template":"","meta":{"_kadence_starter_templates_imported_post":false,"_kad_post_transparent":"default","_kad_post_title":"","_kad_post_layout":"default","_kad_post_sidebar_id":"","_kad_post_content_style":"default","_kad_post_vertical_padding":"default","_kad_post_feature":"","_kad_post_feature_position":"","_kad_post_header":false,"_kad_post_footer":false},"product_cat":[16],"product_tag":[],"class_list":{"0":"post-580","1":"product","2":"type-product","3":"status-publish","4":"has-post-thumbnail","6":"product_cat-kaytetyt-li-ion-akkukennot-ja-moduulit","7":"product_shipping_class-20kg-paketti","9":"first","10":"instock","11":"taxable","12":"shipping-taxable","13":"purchasable","14":"product-type-simple","15":"entry","16":"content-bg","17":"loop-entry"},"_links":{"self":[{"href":"https:\/\/pistokehybridi.fi\/kauppa\/index.php?rest_route=\/wp\/v2\/product\/580","targetHints":{"allow":["GET"]}}],"collection":[{"href":"https:\/\/pistokehybridi.fi\/kauppa\/index.php?rest_route=\/wp\/v2\/product"}],"about":[{"href":"https:\/\/pistokehybridi.fi\/kauppa\/index.php?rest_route=\/wp\/v2\/types\/product"}],"wp:featuredmedia":[{"embeddable":true,"href":"https:\/\/pistokehybridi.fi\/kauppa\/index.php?rest_route=\/wp\/v2\/media\/581"}],"wp:attachment":[{"href":"https:\/\/pistokehybridi.fi\/kauppa\/index.php?rest_route=%2Fwp%2Fv2%2Fmedia&parent=580"}],"wp:term":[{"taxonomy":"product_cat","embeddable":true,"href":"https:\/\/pistokehybridi.fi\/kauppa\/index.php?rest_route=%2Fwp%2Fv2%2Fproduct_cat&post=580"},{"taxonomy":"product_tag","embeddable":true,"href":"https:\/\/pistokehybridi.fi\/kauppa\/index.php?rest_route=%2Fwp%2Fv2%2Fproduct_tag&post=580"}],"curies":[{"name":"wp","href":"https:\/\/api.w.org\/{rel}","templated":true}]}}