{"id":87,"date":"2024-03-10T12:11:16","date_gmt":"2024-03-10T12:11:16","guid":{"rendered":"https:\/\/pistokehybridi.fi\/kauppa\/?post_type=product&#038;p=87"},"modified":"2026-02-03T08:14:24","modified_gmt":"2026-02-03T08:14:24","slug":"solax-x3-hybrid-g4-d-8-0kw","status":"publish","type":"product","link":"https:\/\/pistokehybridi.fi\/kauppa\/?product=solax-x3-hybrid-g4-d-8-0kw","title":{"rendered":"SolaX X3-Hybrid-G4-D-8.0kW"},"content":{"rendered":"<p>Solax X3 8kW kolmivaihe Hybridi-invertteriin sopivat esim. k\u00e4ytetyt Nissan Leaf akut sellaisenaan sovittimen kautta. Teho 8kW.<\/p>\n<p>Hybridi-invertterin tiedot:<\/p>\n<p>DC-tasaj\u00e4nnitetulo<br \/>\nMaksimi paneeliteho (Wp): 15000<br \/>\nMaksimi paneelij\u00e4nnite DC (V): 1000<br \/>\nK\u00e4ynnistysj\u00e4nnite DC (V): 160<br \/>\nNimellisj\u00e4nnite DC (V): 630<br \/>\nMaksimitehopisteen j\u00e4nnitealue DC (V): 180- 950<br \/>\nMPP-seuraimien lukum\u00e4\u00e4r\u00e4: 2<br \/>\nStringej\u00e4\/MPPT-liit\u00e4nt\u00e4: A:2\/B:1<br \/>\nSis\u00e4\u00e4nmenovirta maksimi (A): A:26\/B:14<br \/>\nOikosulkuvirta maksimi (A): A:30\/B:16<br \/>\nAC-verkkoliit\u00e4nt\u00e4<br \/>\n3-vaiheinen verkkoliit\u00e4nt\u00e4: Kyll\u00e4<br \/>\nAC-nimellisl\u00e4ht\u00f6teho (W): 10000<br \/>\nAC-nimellisl\u00e4ht\u00f6virta (A): 14,5<br \/>\nAC-l\u00e4ht\u00f6teho maksimi (VA): 11000<br \/>\nSis\u00e4\u00e4nmenovirta maksimi: 32<br \/>\nNimellisj\u00e4nnite (Vac): 400\/230<br \/>\nNimellistaajuus (Hz): 50\/60<br \/>\nLiitett\u00e4v\u00e4 akusto (valinnainen)<br \/>\nInvertteri\u00e4 voidaan k\u00e4ytt\u00e4\u00e4 ilman akustoa: Kyll\u00e4<br \/>\nAkusto voidaan liitt\u00e4\u00e4 my\u00f6hemmin: Kyll\u00e4<br \/>\nAkustoa voidaan laajentaa my\u00f6hemmin: Kyll\u00e4<br \/>\nAkuston j\u00e4nnitealue DC (V): 180 \u2013 650<br \/>\nAkuston lataus-\/purkuvirta maksimi (A): 30<br \/>\nAkuston hy\u00f6tysuhde lataus-\/purku (%): 98,5\/97<br \/>\nVaravoima (EPS) ja Off-Grid k\u00e4ytt\u00f6<br \/>\nAC-nimellisl\u00e4ht\u00f6teho (W): 10000<br \/>\nAC-huippul\u00e4ht\u00f6teho maksimi, 60 sekunttia (VA): 15000<br \/>\nAC-l\u00e4ht\u00f6virta maksimi, jatkuva (A): 14,5<br \/>\nNimellisj\u00e4nnite (Vac): 400\/230<br \/>\nNimellistaajuus (Hz): 50\/60<br \/>\nVaravoiman p\u00e4\u00e4lle-\/pois-kytkeytymisaika (ms): &lt;10<br \/>\nRinnan kytkettyj\u00e4 j\u00e4rjestelmi\u00e4: 10<br \/>\nJ\u00e4rjestelm\u00e4tiedot \u2013 invertteri<br \/>\nN\u00e4ytt\u00f6: Vakiona<br \/>\nInternet yhteys (WiFi): WiFi (valinnainen)<br \/>\nKommunikaatio rajapinta: RS485\/CT<br \/>\nTehon mittaus virtamuuntaja (CT): Kyll\u00e4 (valinnainen)<br \/>\nTehon mittaus tehomittari (RS485): Kyll\u00e4 (valinnainen)<br \/>\nHy\u00f6tysuhde maksimi (%): 98<br \/>\nHy\u00f6tysuhde EU (%): 97,7<br \/>\nKotelointiluokka (IP): IP65<br \/>\nSopii ulkoasennukseen: Kyll\u00e4<br \/>\nK\u00e4ytt\u00f6l\u00e4mp\u00f6tila (Co): \u2013 35 \u2026 60<br \/>\nVarastointil\u00e4mp\u00f6tila (Co): \u2013 40 \u2026 65<br \/>\nJ\u00e4\u00e4hdytys: Passiivinen<br \/>\nSis\u00e4lt\u00e4\u00e4 muuntajan: Ei<\/p>\n<p>Takuu 24kk<\/p>\n<p>Paino 30 kg<br \/>\nMitat 50,3 \u00d7 50,3 \u00d7 19,9 cm<\/p>\n","protected":false},"excerpt":{"rendered":"<p>Kolmivaiheinen hybridi-invertteri 8kW teholla. Kaksi PV -tuloa.<\/p>\n","protected":false},"featured_media":88,"template":"","meta":{"_kadence_starter_templates_imported_post":false,"_kad_post_transparent":"default","_kad_post_title":"","_kad_post_layout":"default","_kad_post_sidebar_id":"","_kad_post_content_style":"default","_kad_post_vertical_padding":"default","_kad_post_feature":"","_kad_post_feature_position":"","_kad_post_header":false,"_kad_post_footer":false},"product_cat":[19],"product_tag":[],"class_list":{"0":"post-87","1":"product","2":"type-product","3":"status-publish","4":"has-post-thumbnail","6":"product_cat-hybridi-invertterit","7":"product_shipping_class-50kg-paketti","9":"first","10":"instock","11":"sale","12":"taxable","13":"shipping-taxable","14":"purchasable","15":"product-type-simple","16":"entry","17":"content-bg","18":"loop-entry"},"_links":{"self":[{"href":"https:\/\/pistokehybridi.fi\/kauppa\/index.php?rest_route=\/wp\/v2\/product\/87","targetHints":{"allow":["GET"]}}],"collection":[{"href":"https:\/\/pistokehybridi.fi\/kauppa\/index.php?rest_route=\/wp\/v2\/product"}],"about":[{"href":"https:\/\/pistokehybridi.fi\/kauppa\/index.php?rest_route=\/wp\/v2\/types\/product"}],"wp:featuredmedia":[{"embeddable":true,"href":"https:\/\/pistokehybridi.fi\/kauppa\/index.php?rest_route=\/wp\/v2\/media\/88"}],"wp:attachment":[{"href":"https:\/\/pistokehybridi.fi\/kauppa\/index.php?rest_route=%2Fwp%2Fv2%2Fmedia&parent=87"}],"wp:term":[{"taxonomy":"product_cat","embeddable":true,"href":"https:\/\/pistokehybridi.fi\/kauppa\/index.php?rest_route=%2Fwp%2Fv2%2Fproduct_cat&post=87"},{"taxonomy":"product_tag","embeddable":true,"href":"https:\/\/pistokehybridi.fi\/kauppa\/index.php?rest_route=%2Fwp%2Fv2%2Fproduct_tag&post=87"}],"curies":[{"name":"wp","href":"https:\/\/api.w.org\/{rel}","templated":true}]}}