{"id":98,"date":"2024-03-10T13:01:53","date_gmt":"2024-03-10T13:01:53","guid":{"rendered":"https:\/\/pistokehybridi.fi\/kauppa\/?post_type=product&#038;p=98"},"modified":"2026-04-19T20:00:11","modified_gmt":"2026-04-19T20:00:11","slug":"yuasa-lev40-3-7v-8kpl-akkumoduuli-kaytetty-25ah","status":"publish","type":"product","link":"https:\/\/pistokehybridi.fi\/kauppa\/?product=yuasa-lev40-3-7v-8kpl-akkumoduuli-kaytetty-25ah","title":{"rendered":"YUASA LEV40 3.7V 8kpl akkumoduuli K\u00e4ytetty 25Ah"},"content":{"rendered":"<p>Moduuli sis\u00e4lt\u00e4\u00e4 8kpl YUASA LEV40 li-ion primatic akkukennoa kehikossa, K\u00e4ytetty. Mukana toimitetaan 8kpl asennuskehikko. Asemmuskehikkoon akut voi latoa sarjaan tai rinnankytkent\u00e4\u00e4n haluamallaan tavalla.<\/p>\n<p>K\u00e4ytett\u00e4viss\u00e4 oleva kapasiteetti noin 25Ah (Mitattu 4.12V &gt; 3.0V \/ 20A, uuden 38Ah). Ei autok\u00e4ytt\u00f6\u00f6n.<br \/>\nli-ion, NMC<br \/>\nNominal voltage 3.7V<br \/>\nOperating voltage range 3V to 4.1V<br \/>\nLength 170 (\u00b11)mm<br \/>\nWidth 35 (\u00b11)mm<br \/>\nMass 1.65Kg<br \/>\nMale threaded terminal M8<br \/>\nTorque 9-13Nm<br \/>\nCharge \u2013 1C (50Amp) Constant current followed by 4.1V constant voltage charge. 5500 cycles (to 80% of initial capacity)<\/p>\n<p>&nbsp;<\/p>\n","protected":false},"excerpt":{"rendered":"<p>Moduuli sis\u00e4lt\u00e4\u00e4 8kpl YUASA LEV40 li-ion primatic akkukennoa kehikossa, K\u00e4ytetty. Mukana toimitetaan 8kpl asennuskehikko. Asemmuskehikkoon akut voi latoa sarjaan tai rinnankytkent\u00e4\u00e4n haluamallaan tavalla. K\u00e4ytett\u00e4viss\u00e4 oleva kapasiteetti noin 25Ah (Mitattu 4.12V &gt; 3.0V \/ 20A, uuden 38Ah). Ei autok\u00e4ytt\u00f6\u00f6n. li-ion, NMC Nominal voltage 3.7V Operating voltage range 3V to 4.1V Length 170 (\u00b11)mm Width 35 (\u00b11)mm&#8230;<\/p>\n","protected":false},"featured_media":99,"template":"","meta":{"_kadence_starter_templates_imported_post":false,"_kad_post_transparent":"default","_kad_post_title":"","_kad_post_layout":"default","_kad_post_sidebar_id":"","_kad_post_content_style":"default","_kad_post_vertical_padding":"default","_kad_post_feature":"","_kad_post_feature_position":"","_kad_post_header":false,"_kad_post_footer":false},"product_cat":[16],"product_tag":[],"class_list":{"0":"post-98","1":"product","2":"type-product","3":"status-publish","4":"has-post-thumbnail","6":"product_cat-kaytetyt-li-ion-akkukennot-ja-moduulit","7":"product_shipping_class-20kg-paketti","9":"first","10":"instock","11":"taxable","12":"shipping-taxable","13":"purchasable","14":"product-type-simple","15":"entry","16":"content-bg","17":"loop-entry"},"_links":{"self":[{"href":"https:\/\/pistokehybridi.fi\/kauppa\/index.php?rest_route=\/wp\/v2\/product\/98","targetHints":{"allow":["GET"]}}],"collection":[{"href":"https:\/\/pistokehybridi.fi\/kauppa\/index.php?rest_route=\/wp\/v2\/product"}],"about":[{"href":"https:\/\/pistokehybridi.fi\/kauppa\/index.php?rest_route=\/wp\/v2\/types\/product"}],"wp:featuredmedia":[{"embeddable":true,"href":"https:\/\/pistokehybridi.fi\/kauppa\/index.php?rest_route=\/wp\/v2\/media\/99"}],"wp:attachment":[{"href":"https:\/\/pistokehybridi.fi\/kauppa\/index.php?rest_route=%2Fwp%2Fv2%2Fmedia&parent=98"}],"wp:term":[{"taxonomy":"product_cat","embeddable":true,"href":"https:\/\/pistokehybridi.fi\/kauppa\/index.php?rest_route=%2Fwp%2Fv2%2Fproduct_cat&post=98"},{"taxonomy":"product_tag","embeddable":true,"href":"https:\/\/pistokehybridi.fi\/kauppa\/index.php?rest_route=%2Fwp%2Fv2%2Fproduct_tag&post=98"}],"curies":[{"name":"wp","href":"https:\/\/api.w.org\/{rel}","templated":true}]}}